{"id":96,"date":"2024-10-23T14:23:22","date_gmt":"2024-10-23T14:23:22","guid":{"rendered":"https:\/\/rrjetiantikorrupsion.al\/?page_id=96"},"modified":"2026-04-03T13:15:15","modified_gmt":"2026-04-03T13:15:15","slug":"rreth-nesh","status":"publish","type":"page","link":"https:\/\/rrjetiantikorrupsion.al\/en\/rreth-nesh\/","title":{"rendered":"About Us"},"content":{"rendered":"<p>[et_pb_section fb_built=&#8221;1&#8243; _builder_version=&#8221;4.24.0&#8243; _module_preset=&#8221;default&#8221; global_colors_info=&#8221;{}&#8221;][et_pb_row _builder_version=&#8221;4.24.0&#8243; _module_preset=&#8221;default&#8221; global_colors_info=&#8221;{}&#8221;][et_pb_column type=&#8221;4_4&#8243; _builder_version=&#8221;4.24.0&#8243; _module_preset=&#8221;default&#8221; global_colors_info=&#8221;{}&#8221;][et_pb_text _builder_version=&#8221;4.24.0&#8243; _module_preset=&#8221;default&#8221; text_font=&#8221;|700|||||||&#8221; text_font_size=&#8221;34px&#8221; text_orientation=&#8221;center&#8221; global_colors_info=&#8221;{}&#8221;]<\/p>\n<p>About Us<\/p>\n<p>[\/et_pb_text][\/et_pb_column][\/et_pb_row][\/et_pb_section][et_pb_section fb_built=&#8221;1&#8243; _builder_version=&#8221;4.24.0&#8243; _module_preset=&#8221;default&#8221; custom_padding=&#8221;0px||7px|||&#8221; locked=&#8221;off&#8221; global_colors_info=&#8221;{}&#8221;][et_pb_row _builder_version=&#8221;4.24.0&#8243; _module_preset=&#8221;default&#8221; global_colors_info=&#8221;{}&#8221;][et_pb_column type=&#8221;4_4&#8243; _builder_version=&#8221;4.24.0&#8243; _module_preset=&#8221;default&#8221; global_colors_info=&#8221;{}&#8221;][et_pb_text _builder_version=&#8221;4.24.0&#8243; _module_preset=&#8221;default&#8221; text_font_size=&#8221;17px&#8221; global_colors_info=&#8221;{}&#8221;]<\/p>\n<p style=\"text-align: left;\" class=\"translation-block\">The Albanian Helsinki Committee (AHC), in collaboration with the Albanian Institute for Legal and Territorial Studies (A.L.T.R.I) and the organization Friends of Europe, has launched the initiative \u201c<em>Civil Society Against Corruption \u2013 From a Local Challenge to a European Response<\/em>,\u201d supported by the European Union.<\/p>\n<p style=\"text-align: left;\">The main goal of this initiative is to strengthen the role of civil society in participation, monitoring, advocacy, and capacity-building of public administration representatives, aiming for a better policymaking process within the framework of Albania\u2019s integration into the European Union.<\/p>\n<p style=\"text-align: left;\">The platform aims to create a communication channel between Civil Society Organizations (CSOs) engaged in the fight against corruption and other actors involved in this challenge. Its main goal is to facilitate the exchange of information, discussions, and advocacy for anti-corruption efforts, good governance, and justice. The platform seeks to encourage the participation of anti-corruption institutions, media, citizens, and businesses to share information, discuss, and advocate on relevant issues.<\/p>\n<p>[\/et_pb_text][\/et_pb_column][\/et_pb_row][et_pb_row _builder_version=&#8221;4.24.0&#8243; _module_preset=&#8221;default&#8221; hover_enabled=&#8221;0&#8243; global_colors_info=&#8221;{}&#8221; column_structure=&#8221;1_4,1_4,1_4,1_4&#8243; sticky_enabled=&#8221;0&#8243;][et_pb_column type=&#8221;1_4&#8243; _builder_version=&#8221;4.24.0&#8243; _module_preset=&#8221;default&#8221; global_colors_info=&#8221;{}&#8221;][et_pb_button button_url=&#8221;https:\/\/rrjetiantikorrupsion.al\/wp-content\/uploads\/2025\/06\/Deklarate-e-Perbashket-e-OSHC-ve-ne-Rrjetin-Kombetar-kunder-Korrupsionit.pdf&#8221; button_text=&#8221;Deklarat\u00eb e P\u00ebrbashk\u00ebt e OSHC-ve&#8221; button_alignment=&#8221;center&#8221; _builder_version=&#8221;4.24.0&#8243; _module_preset=&#8221;default&#8221; custom_button=&#8221;on&#8221; button_text_size=&#8221;16px&#8221; button_text_color=&#8221;#474747&#8243; button_bg_color=&#8221;#ffcc00&#8243; button_border_width=&#8221;0px&#8221; button_border_radius=&#8221;5px&#8221; button_font=&#8221;Montserrat|500|||||||&#8221; custom_margin=&#8221;3px|-18px|||false|false&#8221; hover_enabled=&#8221;0&#8243; locked=&#8221;off&#8221; global_colors_info=&#8221;{}&#8221; sticky_enabled=&#8221;0&#8243; button_use_icon=&#8221;off&#8221; custom_padding=&#8221;8px||8px||false|false&#8221; button_bg_color__hover_enabled=&#8221;on|hover&#8221; button_bg_color__hover=&#8221;#003399&#8243; button_bg_enable_color__hover=&#8221;on&#8221; button_border_color__hover_enabled=&#8221;off|desktop&#8221; button_border_color__hover=&#8221;#ffcc00&#8243; button_border_color=&#8221;RGBA(255,255,255,0)&#8221; button_text_color__hover_enabled=&#8221;on|hover&#8221; button_text_color__hover=&#8221;#FFFFFF&#8221;][\/et_pb_button][\/et_pb_column][et_pb_column type=&#8221;1_4&#8243; _builder_version=&#8221;4.24.0&#8243; _module_preset=&#8221;default&#8221; global_colors_info=&#8221;{}&#8221;][et_pb_button button_url=&#8221;https:\/\/rrjetiantikorrupsion.al\/wp-content\/uploads\/2026\/04\/Booklet-Informues-.pdf&#8221; button_text=&#8221;Booklet Informues Platforma Rrjeti Antikorrupsion&#8221; button_alignment=&#8221;center&#8221; _builder_version=&#8221;4.24.0&#8243; _module_preset=&#8221;default&#8221; custom_button=&#8221;on&#8221; button_text_size=&#8221;16px&#8221; button_text_color=&#8221;#474747&#8243; button_bg_color=&#8221;#ffcc00&#8243; button_border_width=&#8221;0px&#8221; button_border_radius=&#8221;5px&#8221; button_font=&#8221;Montserrat|500|||||||&#8221; custom_margin=&#8221;3px|-29px||-15px|false|false&#8221; locked=&#8221;off&#8221; global_colors_info=&#8221;{}&#8221; sticky_enabled=&#8221;0&#8243; button_use_icon=&#8221;off&#8221; custom_padding=&#8221;8px||8px||false|false&#8221; hover_enabled=&#8221;0&#8243; button_text_color__hover_enabled=&#8221;on|hover&#8221; button_text_color__hover=&#8221;#FFFFFF&#8221; button_bg_color__hover_enabled=&#8221;on|hover&#8221; button_bg_color__hover=&#8221;#003399&#8243; button_bg_enable_color__hover=&#8221;on&#8221;][\/et_pb_button][\/et_pb_column][et_pb_column type=&#8221;1_4&#8243; _builder_version=&#8221;4.24.0&#8243; _module_preset=&#8221;default&#8221; global_colors_info=&#8221;{}&#8221;][et_pb_button button_url=&#8221;https:\/\/rrjetiantikorrupsion.al\/wp-content\/uploads\/2026\/04\/Udhezues-per-perdoruesit.pdf&#8221; button_text=&#8221;Udh\u00ebzues p\u00ebr p\u00ebrdoruesit e platformes&#8221; button_alignment=&#8221;center&#8221; _builder_version=&#8221;4.24.0&#8243; _module_preset=&#8221;default&#8221; custom_button=&#8221;on&#8221; button_text_size=&#8221;16px&#8221; button_text_color=&#8221;#474747&#8243; button_bg_color=&#8221;#FFCC00&#8243; button_border_width=&#8221;0px&#8221; button_border_radius=&#8221;5px&#8221; button_font=&#8221;Montserrat|500|||||||&#8221; custom_margin=&#8221;3px|-12px||-4px|false|false&#8221; locked=&#8221;off&#8221; global_colors_info=&#8221;{}&#8221; sticky_enabled=&#8221;0&#8243; button_use_icon=&#8221;off&#8221; custom_padding=&#8221;8px||8px||false|false&#8221; hover_enabled=&#8221;0&#8243; button_text_color__hover_enabled=&#8221;on|hover&#8221; button_text_color__hover=&#8221;#FFFFFF&#8221; button_bg_enable_color=&#8221;on&#8221; button_bg_color__hover_enabled=&#8221;on|hover&#8221; button_bg_color__hover=&#8221;#003399&#8243; button_bg_enable_color__hover=&#8221;on&#8221;][\/et_pb_button][\/et_pb_column][et_pb_column type=&#8221;1_4&#8243; _builder_version=&#8221;4.24.0&#8243; _module_preset=&#8221;default&#8221; global_colors_info=&#8221;{}&#8221;][et_pb_button button_url=&#8221;https:\/\/rrjetiantikorrupsion.al\/wp-content\/uploads\/2026\/04\/Leaflet-Permbledhes.pdf&#8221; button_text=&#8221;P\u00ebrmbledhje e Rrjeti Antikorrupsion&#8221; button_alignment=&#8221;center&#8221; _builder_version=&#8221;4.24.0&#8243; _module_preset=&#8221;default&#8221; custom_button=&#8221;on&#8221; button_text_size=&#8221;16px&#8221; button_text_color=&#8221;#474747&#8243; button_bg_color=&#8221;#ffcc00&#8243; button_border_width=&#8221;0px&#8221; button_border_radius=&#8221;5px&#8221; button_font=&#8221;Montserrat|500|||||||&#8221; custom_margin=&#8221;3px|4px||-20px|false|false&#8221; locked=&#8221;off&#8221; global_colors_info=&#8221;{}&#8221; sticky_enabled=&#8221;0&#8243; button_use_icon=&#8221;off&#8221; custom_padding=&#8221;8px||8px||false|false&#8221; hover_enabled=&#8221;0&#8243; button_text_color__hover_enabled=&#8221;on|hover&#8221; button_text_color__hover=&#8221;#FFFFFF&#8221; button_bg_color__hover_enabled=&#8221;on|hover&#8221; button_bg_color__hover=&#8221;#003399&#8243; button_bg_enable_color__hover=&#8221;on&#8221;][\/et_pb_button][\/et_pb_column][\/et_pb_row][\/et_pb_section]<\/p>","protected":false},"excerpt":{"rendered":"<p>Rreth NeshKomiteti Shqiptar i Helsinkit (KShH) n\u00eb bashk\u00ebpunim me Institutin Shqiptar p\u00ebr Studime Ligjore dhe Territoriale (A.L.T.R.I) dhe organizat\u00ebn Friends of Europe, ka nd\u00ebrmarr\u00eb iniciativ\u00ebn \u201cShoq\u00ebria civile kund\u00ebr korrupsionit &#8211; nga nj\u00eb sfid\u00eb lokale n\u00eb nj\u00eb p\u00ebrgjigje Europiane\u201d, mb\u00ebshtetur nga Bashkimi Europian. Q\u00ebllimi madhor i k\u00ebsaj nisme \u00ebsht\u00eb rritja e rolit t\u00eb shoq\u00ebris\u00eb civile n\u00eb [&hellip;]<\/p>","protected":false},"author":1,"featured_media":0,"parent":0,"menu_order":0,"comment_status":"closed","ping_status":"closed","template":"","meta":{"_et_pb_use_builder":"on","_et_pb_old_content":"","_et_gb_content_width":"","footnotes":""},"dipi_cpt_category":[],"class_list":["post-96","page","type-page","status-publish","hentry"],"_links":{"self":[{"href":"https:\/\/rrjetiantikorrupsion.al\/en\/wp-json\/wp\/v2\/pages\/96","targetHints":{"allow":["GET"]}}],"collection":[{"href":"https:\/\/rrjetiantikorrupsion.al\/en\/wp-json\/wp\/v2\/pages"}],"about":[{"href":"https:\/\/rrjetiantikorrupsion.al\/en\/wp-json\/wp\/v2\/types\/page"}],"author":[{"embeddable":true,"href":"https:\/\/rrjetiantikorrupsion.al\/en\/wp-json\/wp\/v2\/users\/1"}],"replies":[{"embeddable":true,"href":"https:\/\/rrjetiantikorrupsion.al\/en\/wp-json\/wp\/v2\/comments?post=96"}],"version-history":[{"count":8,"href":"https:\/\/rrjetiantikorrupsion.al\/en\/wp-json\/wp\/v2\/pages\/96\/revisions"}],"predecessor-version":[{"id":2244,"href":"https:\/\/rrjetiantikorrupsion.al\/en\/wp-json\/wp\/v2\/pages\/96\/revisions\/2244"}],"wp:attachment":[{"href":"https:\/\/rrjetiantikorrupsion.al\/en\/wp-json\/wp\/v2\/media?parent=96"}],"wp:term":[{"taxonomy":"dipi_cpt_category","embeddable":true,"href":"https:\/\/rrjetiantikorrupsion.al\/en\/wp-json\/wp\/v2\/dipi_cpt_category?post=96"}],"curies":[{"name":"wp","href":"https:\/\/api.w.org\/{rel}","templated":true}]}}