{"id":192,"date":"2024-11-18T11:10:55","date_gmt":"2024-11-18T11:10:55","guid":{"rendered":"https:\/\/rrjetiantikorrupsion.al\/?page_id=192"},"modified":"2026-04-03T12:59:49","modified_gmt":"2026-04-03T12:59:49","slug":"materiale-informuese","status":"publish","type":"page","link":"https:\/\/rrjetiantikorrupsion.al\/en\/materiale-informuese\/","title":{"rendered":"Info Materials"},"content":{"rendered":"<p>[et_pb_section fb_built=&#8221;1&#8243; _builder_version=&#8221;4.24.0&#8243; _module_preset=&#8221;default&#8221; background_image=&#8221;https:\/\/rrjetiantikorrupsion.al\/wp-content\/uploads\/2024\/11\/Asset-1white.png&#8221; locked=&#8221;off&#8221; global_colors_info=&#8221;{}&#8221;][et_pb_row column_structure=&#8221;1_2,1_2&#8243; _builder_version=&#8221;4.24.0&#8243; _module_preset=&#8221;default&#8221; global_colors_info=&#8221;{}&#8221;][et_pb_column type=&#8221;1_2&#8243; _builder_version=&#8221;4.24.0&#8243; _module_preset=&#8221;default&#8221; global_colors_info=&#8221;{}&#8221;][et_pb_text _builder_version=&#8221;4.24.0&#8243; _module_preset=&#8221;default&#8221; text_text_color=&#8221;#FFFFFF&#8221; header_font_size=&#8221;56px&#8221; header_font_size_tablet=&#8221;56px&#8221; header_font_size_phone=&#8221;35px&#8221; header_font_size_last_edited=&#8221;on|phone&#8221; global_colors_info=&#8221;{}&#8221;]<\/p>\n<h1><span style=\"color: #ffffff;\"><strong>INFORMATIVE MATERIAL<\/strong><\/span><\/h1>\n<p>[\/et_pb_text][\/et_pb_column][et_pb_column type=&#8221;1_2&#8243; _builder_version=&#8221;4.24.0&#8243; _module_preset=&#8221;default&#8221; global_colors_info=&#8221;{}&#8221;][\/et_pb_column][\/et_pb_row][\/et_pb_section][et_pb_section fb_built=&#8221;1&#8243; _builder_version=&#8221;4.24.0&#8243; _module_preset=&#8221;default&#8221; global_colors_info=&#8221;{}&#8221;][et_pb_row column_structure=&#8221;1_3,1_3,1_3&#8243; _builder_version=&#8221;4.24.0&#8243; _module_preset=&#8221;default&#8221; hover_enabled=&#8221;0&#8243; global_colors_info=&#8221;{}&#8221; sticky_enabled=&#8221;0&#8243;][et_pb_column type=&#8221;1_3&#8243; _builder_version=&#8221;4.24.0&#8243; _module_preset=&#8221;default&#8221; global_colors_info=&#8221;{}&#8221;][\/et_pb_column][et_pb_column type=&#8221;1_3&#8243; _builder_version=&#8221;4.24.0&#8243; _module_preset=&#8221;default&#8221; global_colors_info=&#8221;{}&#8221;][et_pb_blurb title=&#8221;Shoq\u00ebria Civile Kund\u00ebr Korrupsionit&#8221; url=&#8221;https:\/\/rrjetiantikorrupsion.al\/wp-content\/uploads\/2026\/04\/Trifold-Rrjeti-Antikorrupsion-v4-2.pdf&#8221; _builder_version=&#8221;4.24.0&#8243; _module_preset=&#8221;default&#8221; header_text_align=&#8221;center&#8221; header_line_height=&#8221;1.4em&#8221; body_text_color=&#8221;#757575&#8243; background_color=&#8221;#FFFFFF&#8221; custom_margin=&#8221;||50px|||&#8221; custom_padding=&#8221;35px|15px|41px|15px|false|false&#8221; link_option_url=&#8221;https:\/\/rrjetiantikorrupsion.al\/wp-content\/uploads\/2026\/04\/Trifold-Rrjeti-Antikorrupsion-v4-2.pdf&#8221; hover_enabled=&#8221;0&#8243; border_radii=&#8221;on|12px|12px|12px|12px&#8221; border_width_all=&#8221;1px&#8221; border_color_all=&#8221;#FFFFFF&#8221; box_shadow_style=&#8221;preset1&#8243; box_shadow_vertical=&#8221;0px&#8221; box_shadow_blur=&#8221;2px&#8221; locked=&#8221;off&#8221; global_colors_info=&#8221;{}&#8221; content__hover_enabled=&#8221;on|desktop&#8221; content__hover=&#8221;<\/p>\n<p style=\"%22text-align:\" center;%22><span style=\"%22color:\" #ffffff;%22>Read More<\/span><\/p>\n<p>&#8221; border_radii__hover_enabled=&#8221;off|hover&#8221; border_color_all__hover_enabled=&#8221;on|hover&#8221; border_color_all__hover=&#8221;#03477f&#8221; body_text_color__hover=&#8221;#FFFFFF&#8221; body_text_color__hover_enabled=&#8221;on|hover&#8221; background_color__hover=&#8221;#003399&#8243; background__hover_enabled=&#8221;on|hover&#8221; header_text_color__hover=&#8221;#FFFFFF&#8221; header_text_color__hover_enabled=&#8221;on|hover&#8221; background_enable_color__hover=&#8221;on&#8221; sticky_enabled=&#8221;0&#8243;]<\/p>\n<p style=\"text-align: center;\">Read More<\/p>\n<p>[\/et_pb_blurb][\/et_pb_column][et_pb_column type=&#8221;1_3&#8243; _builder_version=&#8221;4.24.0&#8243; _module_preset=&#8221;default&#8221; global_colors_info=&#8221;{}&#8221;][et_pb_blurb title=&#8221;Si t\u00eb krijosh nj\u00eb diskutim n\u00eb Forumin Antikorrupsion?&#8221; url=&#8221;https:\/\/youtu.be\/6I7NXE69DO0?si=Ism5Q6McQXKvak5c&#8221; _builder_version=&#8221;4.24.0&#8243; _module_preset=&#8221;default&#8221; header_text_align=&#8221;center&#8221; header_line_height=&#8221;1.4em&#8221; body_text_color=&#8221;#757575&#8243; background_color=&#8221;#FFFFFF&#8221; custom_margin=&#8221;||50px|||&#8221; custom_padding=&#8221;35px|15px|41px|15px|false|false&#8221; link_option_url=&#8221;https:\/\/youtu.be\/6I7NXE69DO0?si=Ism5Q6McQXKvak5c&#8221; hover_enabled=&#8221;0&#8243; border_radii=&#8221;on|12px|12px|12px|12px&#8221; border_width_all=&#8221;1px&#8221; border_color_all=&#8221;#FFFFFF&#8221; box_shadow_style=&#8221;preset1&#8243; box_shadow_vertical=&#8221;0px&#8221; box_shadow_blur=&#8221;2px&#8221; locked=&#8221;off&#8221; global_colors_info=&#8221;{}&#8221; content__hover_enabled=&#8221;on|desktop&#8221; content__hover=&#8221;<\/p>\n<p style=\"%22text-align:\" center;%22><span style=\"%22color:\" #ffffff;%22>Read More<\/span><\/p>\n<p>&#8221; border_radii__hover_enabled=&#8221;off|hover&#8221; border_color_all__hover_enabled=&#8221;on|hover&#8221; border_color_all__hover=&#8221;#03477f&#8221; body_text_color__hover=&#8221;#FFFFFF&#8221; body_text_color__hover_enabled=&#8221;on|hover&#8221; background_color__hover=&#8221;#003399&#8243; background__hover_enabled=&#8221;on|hover&#8221; header_text_color__hover=&#8221;#FFFFFF&#8221; header_text_color__hover_enabled=&#8221;on|hover&#8221; background_enable_color__hover=&#8221;on&#8221; sticky_enabled=&#8221;0&#8243;]<\/p>\n<p style=\"text-align: center;\">Read More<\/p>\n<p>[\/et_pb_blurb][\/et_pb_column][\/et_pb_row][et_pb_row column_structure=&#8221;1_3,1_3,1_3&#8243; _builder_version=&#8221;4.24.0&#8243; _module_preset=&#8221;default&#8221; hover_enabled=&#8221;0&#8243; global_colors_info=&#8221;{}&#8221; sticky_enabled=&#8221;0&#8243; custom_margin=&#8221;-44px||||false|false&#8221;][et_pb_column type=&#8221;1_3&#8243; _builder_version=&#8221;4.24.0&#8243; _module_preset=&#8221;default&#8221; global_colors_info=&#8221;{}&#8221;][et_pb_blurb title=&#8221;Si t\u00eb p\u00ebrdor\u00ebsh Platform\u00ebn e Rrjetit Antikorrupsion?&#8221; url=&#8221;https:\/\/youtu.be\/enE4aNJVA04?si=gqB78bLWYh-JjT3m&#8221; _builder_version=&#8221;4.24.0&#8243; _module_preset=&#8221;default&#8221; header_text_align=&#8221;center&#8221; header_line_height=&#8221;1.4em&#8221; body_text_color=&#8221;#757575&#8243; background_color=&#8221;#FFFFFF&#8221; custom_margin=&#8221;||50px|||&#8221; custom_padding=&#8221;35px|15px|41px|15px|false|false&#8221; link_option_url=&#8221;https:\/\/youtu.be\/enE4aNJVA04?si=gqB78bLWYh-JjT3m&#8221; hover_enabled=&#8221;0&#8243; border_radii=&#8221;on|12px|12px|12px|12px&#8221; border_width_all=&#8221;1px&#8221; border_color_all=&#8221;#FFFFFF&#8221; box_shadow_style=&#8221;preset1&#8243; box_shadow_vertical=&#8221;0px&#8221; box_shadow_blur=&#8221;2px&#8221; global_colors_info=&#8221;{}&#8221; content__hover_enabled=&#8221;on|hover&#8221; content__hover=&#8221;<\/p>\n<p style=\"%22text-align:\" center;%22><span style=\"%22color:\" #ffffff;%22>Read More<\/span><\/p>\n<p>&#8221; border_radii__hover_enabled=&#8221;off|hover&#8221; border_color_all__hover_enabled=&#8221;on|hover&#8221; border_color_all__hover=&#8221;#03477f&#8221; body_text_color__hover=&#8221;#FFFFFF&#8221; body_text_color__hover_enabled=&#8221;on|hover&#8221; background_color__hover=&#8221;#003399&#8243; background__hover_enabled=&#8221;on|hover&#8221; header_text_color__hover=&#8221;#FFFFFF&#8221; header_text_color__hover_enabled=&#8221;on|hover&#8221; background_enable_color__hover=&#8221;on&#8221; sticky_enabled=&#8221;0&#8243;]<\/p>\n<p style=\"text-align: center;\">Read More<\/p>\n<p>[\/et_pb_blurb][\/et_pb_column][et_pb_column type=&#8221;1_3&#8243; _builder_version=&#8221;4.24.0&#8243; _module_preset=&#8221;default&#8221; global_colors_info=&#8221;{}&#8221;][et_pb_blurb title=&#8221;B\u00ebhu pjes\u00eb e Rrjetit Antikorrupsion n\u00eb pak minuta!&#8221; url=&#8221;https:\/\/youtu.be\/J_q1Gg1qniw?si=7ChczG1d-Jry-AR-&#8221; _builder_version=&#8221;4.24.0&#8243; _module_preset=&#8221;default&#8221; header_text_align=&#8221;center&#8221; header_line_height=&#8221;1.4em&#8221; body_text_color=&#8221;#757575&#8243; background_color=&#8221;#FFFFFF&#8221; custom_margin=&#8221;||50px|||&#8221; custom_padding=&#8221;35px|15px|41px|15px|false|false&#8221; link_option_url=&#8221;https:\/\/youtu.be\/J_q1Gg1qniw?si=7ChczG1d-Jry-AR-&#8221; hover_enabled=&#8221;0&#8243; border_radii=&#8221;on|12px|12px|12px|12px&#8221; border_width_all=&#8221;1px&#8221; border_color_all=&#8221;#FFFFFF&#8221; box_shadow_style=&#8221;preset1&#8243; box_shadow_vertical=&#8221;0px&#8221; box_shadow_blur=&#8221;2px&#8221; locked=&#8221;off&#8221; global_colors_info=&#8221;{}&#8221; content__hover_enabled=&#8221;on|hover&#8221; content__hover=&#8221;<\/p>\n<p style=\"%22text-align:\" center;%22><span style=\"%22color:\" #ffffff;%22>Read More<\/span><\/p>\n<p>&#8221; border_radii__hover_enabled=&#8221;off|hover&#8221; border_color_all__hover_enabled=&#8221;on|hover&#8221; border_color_all__hover=&#8221;#03477f&#8221; body_text_color__hover=&#8221;#FFFFFF&#8221; body_text_color__hover_enabled=&#8221;on|hover&#8221; background_color__hover=&#8221;#003399&#8243; background__hover_enabled=&#8221;on|hover&#8221; header_text_color__hover=&#8221;#FFFFFF&#8221; header_text_color__hover_enabled=&#8221;on|hover&#8221; background_enable_color__hover=&#8221;on&#8221; sticky_enabled=&#8221;0&#8243;]<\/p>\n<p style=\"text-align: center;\">Read More<\/p>\n<p>[\/et_pb_blurb][\/et_pb_column][et_pb_column type=&#8221;1_3&#8243; _builder_version=&#8221;4.24.0&#8243; _module_preset=&#8221;default&#8221; global_colors_info=&#8221;{}&#8221;][et_pb_blurb title=&#8221; Si t\u00eb b\u00ebhesh pjes\u00eb e Forumit Antikorrupsion?&#8221; url=&#8221;https:\/\/youtu.be\/mOIbA65UqMw?si=u_nueVt_9O-dgbLM&#8221; _builder_version=&#8221;4.24.0&#8243; _module_preset=&#8221;default&#8221; header_text_align=&#8221;center&#8221; header_line_height=&#8221;1.4em&#8221; body_text_color=&#8221;#757575&#8243; background_color=&#8221;#FFFFFF&#8221; custom_margin=&#8221;||50px|||&#8221; custom_padding=&#8221;35px|15px|41px|15px|false|false&#8221; link_option_url=&#8221;https:\/\/youtu.be\/mOIbA65UqMw?si=u_nueVt_9O-dgbLM&#8221; hover_enabled=&#8221;0&#8243; border_radii=&#8221;on|12px|12px|12px|12px&#8221; border_width_all=&#8221;1px&#8221; border_color_all=&#8221;#FFFFFF&#8221; box_shadow_style=&#8221;preset1&#8243; box_shadow_vertical=&#8221;0px&#8221; box_shadow_blur=&#8221;2px&#8221; locked=&#8221;off&#8221; global_colors_info=&#8221;{}&#8221; content__hover_enabled=&#8221;on|desktop&#8221; content__hover=&#8221;<\/p>\n<p style=\"%22text-align:\" center;%22><span style=\"%22color:\" #ffffff;%22>Read More<\/span><\/p>\n<p>&#8221; border_radii__hover_enabled=&#8221;off|hover&#8221; border_color_all__hover_enabled=&#8221;on|hover&#8221; border_color_all__hover=&#8221;#03477f&#8221; body_text_color__hover=&#8221;#FFFFFF&#8221; body_text_color__hover_enabled=&#8221;on|hover&#8221; background_color__hover=&#8221;#003399&#8243; background__hover_enabled=&#8221;on|hover&#8221; header_text_color__hover=&#8221;#FFFFFF&#8221; header_text_color__hover_enabled=&#8221;on|hover&#8221; background_enable_color__hover=&#8221;on&#8221; sticky_enabled=&#8221;0&#8243;]<\/p>\n<p style=\"text-align: center;\">Read More<\/p>\n<p>[\/et_pb_blurb][\/et_pb_column][\/et_pb_row][et_pb_row column_structure=&#8221;1_3,1_3,1_3&#8243; _builder_version=&#8221;4.24.0&#8243; _module_preset=&#8221;default&#8221; hover_enabled=&#8221;0&#8243; global_colors_info=&#8221;{}&#8221; sticky_enabled=&#8221;0&#8243; custom_margin=&#8221;-44px||||false|false&#8221;][et_pb_column type=&#8221;1_3&#8243; _builder_version=&#8221;4.24.0&#8243; _module_preset=&#8221;default&#8221; global_colors_info=&#8221;{}&#8221;][et_pb_blurb title=&#8221;Si t\u00eb krijosh nj\u00eb diskutim n\u00eb Forumin Antikorrupsion?&#8221; url=&#8221;https:\/\/youtu.be\/6I7NXE69DO0?si=Ism5Q6McQXKvak5c&#8221; _builder_version=&#8221;4.24.0&#8243; _module_preset=&#8221;default&#8221; header_text_align=&#8221;center&#8221; header_line_height=&#8221;1.4em&#8221; body_text_color=&#8221;#757575&#8243; background_color=&#8221;#FFFFFF&#8221; custom_margin=&#8221;||50px|||&#8221; custom_padding=&#8221;35px|15px|41px|15px|false|false&#8221; link_option_url=&#8221;https:\/\/youtu.be\/6I7NXE69DO0?si=Ism5Q6McQXKvak5c&#8221; hover_enabled=&#8221;0&#8243; border_radii=&#8221;on|12px|12px|12px|12px&#8221; border_width_all=&#8221;1px&#8221; border_color_all=&#8221;#FFFFFF&#8221; box_shadow_style=&#8221;preset1&#8243; box_shadow_vertical=&#8221;0px&#8221; box_shadow_blur=&#8221;2px&#8221; locked=&#8221;off&#8221; global_colors_info=&#8221;{}&#8221; content__hover_enabled=&#8221;on|desktop&#8221; content__hover=&#8221;<\/p>\n<p style=\"%22text-align:\" center;%22><span style=\"%22color:\" #ffffff;%22>Read More<\/span><\/p>\n<p>&#8221; border_radii__hover_enabled=&#8221;off|hover&#8221; border_color_all__hover_enabled=&#8221;on|hover&#8221; border_color_all__hover=&#8221;#03477f&#8221; body_text_color__hover=&#8221;#FFFFFF&#8221; body_text_color__hover_enabled=&#8221;on|hover&#8221; background_color__hover=&#8221;#003399&#8243; background__hover_enabled=&#8221;on|hover&#8221; header_text_color__hover=&#8221;#FFFFFF&#8221; header_text_color__hover_enabled=&#8221;on|hover&#8221; background_enable_color__hover=&#8221;on&#8221; sticky_enabled=&#8221;0&#8243;]<\/p>\n<p style=\"text-align: center;\">Read More<\/p>\n<p>[\/et_pb_blurb][\/et_pb_column][et_pb_column type=&#8221;1_3&#8243; _builder_version=&#8221;4.24.0&#8243; _module_preset=&#8221;default&#8221; global_colors_info=&#8221;{}&#8221;][et_pb_blurb title=&#8221;Broshure per punonjes te policise&#8221; url=&#8221;https:\/\/rrjetiantikorrupsion.al\/wp-content\/uploads\/2024\/11\/Broshure-per-punonjes-te-policise_QDGJ.pdf&#8221; _builder_version=&#8221;4.24.0&#8243; _module_preset=&#8221;default&#8221; header_text_align=&#8221;center&#8221; header_line_height=&#8221;1.4em&#8221; body_text_color=&#8221;#757575&#8243; background_color=&#8221;#FFFFFF&#8221; custom_margin=&#8221;||50px|||&#8221; custom_padding=&#8221;35px|15px|41px|15px|false|false&#8221; link_option_url=&#8221;https:\/\/rrjetiantikorrupsion.al\/wp-content\/uploads\/2024\/11\/Broshure-per-punonjes-te-policise_QDGJ.pdf&#8221; border_radii=&#8221;on|12px|12px|12px|12px&#8221; border_width_all=&#8221;1px&#8221; border_color_all=&#8221;#FFFFFF&#8221; box_shadow_style=&#8221;preset1&#8243; box_shadow_vertical=&#8221;0px&#8221; box_shadow_blur=&#8221;2px&#8221; global_colors_info=&#8221;{}&#8221; content__hover_enabled=&#8221;on|hover&#8221; content__hover=&#8221;<\/p>\n<p style=\"%22text-align:\" center;%22><span style=\"%22color:\" #ffffff;%22>Read More<\/span><\/p>\n<p>&#8221; border_radii__hover_enabled=&#8221;off|hover&#8221; border_color_all__hover_enabled=&#8221;on|hover&#8221; border_color_all__hover=&#8221;#03477f&#8221; body_text_color__hover=&#8221;#FFFFFF&#8221; body_text_color__hover_enabled=&#8221;on|hover&#8221; background_color__hover=&#8221;#003399&#8243; background__hover_enabled=&#8221;on|hover&#8221; header_text_color__hover=&#8221;#FFFFFF&#8221; header_text_color__hover_enabled=&#8221;on|hover&#8221; background_enable_color__hover=&#8221;on&#8221;]<\/p>\n<p style=\"text-align: center;\">Read More<\/p>\n<p>[\/et_pb_blurb][\/et_pb_column][et_pb_column type=&#8221;1_3&#8243; _builder_version=&#8221;4.24.0&#8243; _module_preset=&#8221;default&#8221; global_colors_info=&#8221;{}&#8221;][et_pb_blurb title=&#8221;Vler\u00ebsim i perceptimit t\u00eb publikut shqiptar&#8221; url=&#8221;https:\/\/rrjetiantikorrupsion.al\/wp-content\/uploads\/2025\/06\/Final-Vleresim-i-perceptimit-te-publikut-shqiptar-PP.pptx&#8221; _builder_version=&#8221;4.24.0&#8243; _module_preset=&#8221;default&#8221; header_text_align=&#8221;center&#8221; header_line_height=&#8221;1.4em&#8221; body_text_color=&#8221;#757575&#8243; background_color=&#8221;#FFFFFF&#8221; custom_margin=&#8221;||50px|||&#8221; custom_padding=&#8221;35px|15px|41px|15px|false|false&#8221; link_option_url=&#8221;https:\/\/rrjetiantikorrupsion.al\/wp-content\/uploads\/2025\/06\/Final-Vleresim-i-perceptimit-te-publikut-shqiptar-PP.pptx&#8221; border_radii=&#8221;on|12px|12px|12px|12px&#8221; border_width_all=&#8221;1px&#8221; border_color_all=&#8221;#FFFFFF&#8221; box_shadow_style=&#8221;preset1&#8243; box_shadow_vertical=&#8221;0px&#8221; box_shadow_blur=&#8221;2px&#8221; locked=&#8221;off&#8221; global_colors_info=&#8221;{}&#8221; content__hover_enabled=&#8221;on|hover&#8221; content__hover=&#8221;<\/p>\n<p style=\"%22text-align:\" center;%22><span style=\"%22color:\" #ffffff;%22>Read More<\/span><\/p>\n<p>&#8221; border_radii__hover_enabled=&#8221;off|hover&#8221; border_color_all__hover_enabled=&#8221;on|hover&#8221; border_color_all__hover=&#8221;#03477f&#8221; body_text_color__hover=&#8221;#FFFFFF&#8221; body_text_color__hover_enabled=&#8221;on|hover&#8221; background_color__hover=&#8221;#003399&#8243; background__hover_enabled=&#8221;on|hover&#8221; header_text_color__hover=&#8221;#FFFFFF&#8221; header_text_color__hover_enabled=&#8221;on|hover&#8221; background_enable_color__hover=&#8221;on&#8221;]<\/p>\n<p style=\"text-align: center;\">Read More<\/p>\n<p>[\/et_pb_blurb][\/et_pb_column][\/et_pb_row][\/et_pb_section]<\/p>","protected":false},"excerpt":{"rendered":"<p>MATERIALE INFORMUESELexo m\u00eb shum\u00ebLexo m\u00eb shum\u00ebLexo m\u00eb shum\u00ebLexo m\u00eb shum\u00ebLexo m\u00eb shum\u00ebLexo m\u00eb shum\u00ebLexo m\u00eb shum\u00ebLexo m\u00eb shum\u00eb<\/p>","protected":false},"author":1,"featured_media":0,"parent":0,"menu_order":0,"comment_status":"closed","ping_status":"closed","template":"","meta":{"_et_pb_use_builder":"on","_et_pb_old_content":"<!-- wp:divi\/placeholder \/-->","_et_gb_content_width":"","footnotes":""},"dipi_cpt_category":[],"class_list":["post-192","page","type-page","status-publish","hentry"],"_links":{"self":[{"href":"https:\/\/rrjetiantikorrupsion.al\/en\/wp-json\/wp\/v2\/pages\/192","targetHints":{"allow":["GET"]}}],"collection":[{"href":"https:\/\/rrjetiantikorrupsion.al\/en\/wp-json\/wp\/v2\/pages"}],"about":[{"href":"https:\/\/rrjetiantikorrupsion.al\/en\/wp-json\/wp\/v2\/types\/page"}],"author":[{"embeddable":true,"href":"https:\/\/rrjetiantikorrupsion.al\/en\/wp-json\/wp\/v2\/users\/1"}],"replies":[{"embeddable":true,"href":"https:\/\/rrjetiantikorrupsion.al\/en\/wp-json\/wp\/v2\/comments?post=192"}],"version-history":[{"count":9,"href":"https:\/\/rrjetiantikorrupsion.al\/en\/wp-json\/wp\/v2\/pages\/192\/revisions"}],"predecessor-version":[{"id":2239,"href":"https:\/\/rrjetiantikorrupsion.al\/en\/wp-json\/wp\/v2\/pages\/192\/revisions\/2239"}],"wp:attachment":[{"href":"https:\/\/rrjetiantikorrupsion.al\/en\/wp-json\/wp\/v2\/media?parent=192"}],"wp:term":[{"taxonomy":"dipi_cpt_category","embeddable":true,"href":"https:\/\/rrjetiantikorrupsion.al\/en\/wp-json\/wp\/v2\/dipi_cpt_category?post=192"}],"curies":[{"name":"wp","href":"https:\/\/api.w.org\/{rel}","templated":true}]}}