{"id":191,"date":"2024-11-18T11:12:32","date_gmt":"2024-11-18T11:12:32","guid":{"rendered":"https:\/\/rrjetiantikorrupsion.al\/?page_id=191"},"modified":"2025-09-26T14:16:01","modified_gmt":"2025-09-26T14:16:01","slug":"manuale","status":"publish","type":"page","link":"https:\/\/rrjetiantikorrupsion.al\/en\/manuale\/","title":{"rendered":"Manuals"},"content":{"rendered":"<p>[et_pb_section fb_built=&#8221;1&#8243; _builder_version=&#8221;4.24.0&#8243; _module_preset=&#8221;default&#8221; background_image=&#8221;https:\/\/rrjetiantikorrupsion.al\/wp-content\/uploads\/2024\/11\/Asset-1white.png&#8221; locked=&#8221;off&#8221; global_colors_info=&#8221;{}&#8221;][et_pb_row column_structure=&#8221;1_2,1_2&#8243; _builder_version=&#8221;4.24.0&#8243; _module_preset=&#8221;default&#8221; global_colors_info=&#8221;{}&#8221;][et_pb_column type=&#8221;1_2&#8243; _builder_version=&#8221;4.24.0&#8243; _module_preset=&#8221;default&#8221; global_colors_info=&#8221;{}&#8221;][et_pb_text _builder_version=&#8221;4.24.0&#8243; _module_preset=&#8221;default&#8221; text_text_color=&#8221;#FFFFFF&#8221; header_font_size=&#8221;56px&#8221; global_colors_info=&#8221;{}&#8221;]<\/p>\n<h1><span style=\"color: #ffffff;\"><strong>MANUALS<\/strong><\/span><\/h1>\n<p>[\/et_pb_text][\/et_pb_column][et_pb_column type=&#8221;1_2&#8243; _builder_version=&#8221;4.24.0&#8243; _module_preset=&#8221;default&#8221; global_colors_info=&#8221;{}&#8221;][\/et_pb_column][\/et_pb_row][\/et_pb_section][et_pb_section fb_built=&#8221;1&#8243; _builder_version=&#8221;4.24.0&#8243; _module_preset=&#8221;default&#8221; global_colors_info=&#8221;{}&#8221;][et_pb_row column_structure=&#8221;1_3,1_3,1_3&#8243; _builder_version=&#8221;4.24.0&#8243; _module_preset=&#8221;default&#8221; hover_enabled=&#8221;0&#8243; global_colors_info=&#8221;{}&#8221; custom_margin=&#8221;45px|auto||auto||&#8221; custom_padding=&#8221;||2px|||&#8221; sticky_enabled=&#8221;0&#8243;][et_pb_column type=&#8221;1_3&#8243; _builder_version=&#8221;4.24.0&#8243; _module_preset=&#8221;default&#8221; global_colors_info=&#8221;{}&#8221;][\/et_pb_column][et_pb_column type=&#8221;1_3&#8243; _builder_version=&#8221;4.24.0&#8243; _module_preset=&#8221;default&#8221; global_colors_info=&#8221;{}&#8221;][et_pb_blurb title=&#8221;Metodologjia e vler\u00ebsimit t\u00eb riskut t\u00eb korrupsionit&#8221; url=&#8221;https:\/\/rrjetiantikorrupsion.al\/wp-content\/uploads\/2025\/09\/Metodologjia-e-vleresimit-te-riskut-te-korrupsionit.pdf&#8221; _builder_version=&#8221;4.24.0&#8243; _module_preset=&#8221;default&#8221; header_text_align=&#8221;center&#8221; header_line_height=&#8221;1.4em&#8221; body_text_color=&#8221;#757575&#8243; background_color=&#8221;#FFFFFF&#8221; custom_margin=&#8221;||50px|||&#8221; custom_padding=&#8221;44px|15px|40px|15px|false|false&#8221; link_option_url=&#8221;https:\/\/rrjetiantikorrupsion.al\/wp-content\/uploads\/2025\/09\/Metodologjia-e-vleresimit-te-riskut-te-korrupsionit.pdf&#8221; hover_enabled=&#8221;0&#8243; border_radii=&#8221;on|12px|12px|12px|12px&#8221; border_width_all=&#8221;1px&#8221; border_color_all=&#8221;#FFFFFF&#8221; box_shadow_style=&#8221;preset1&#8243; box_shadow_vertical=&#8221;0px&#8221; box_shadow_blur=&#8221;2px&#8221; global_colors_info=&#8221;{}&#8221; content__hover_enabled=&#8221;on|hover&#8221; content__hover=&#8221;<\/p>\n<p style=\"%22text-align:\" center;%22><span style=\"%22color:\" #ffffff;%22>Read More<\/span><\/p>\n<p>&#8221; border_radii__hover_enabled=&#8221;off|hover&#8221; border_color_all__hover_enabled=&#8221;on|hover&#8221; border_color_all__hover=&#8221;#03477f&#8221; body_text_color__hover=&#8221;#FFFFFF&#8221; body_text_color__hover_enabled=&#8221;on|hover&#8221; background_color__hover=&#8221;#003399&#8243; header_text_color__hover=&#8221;#FFFFFF&#8221; header_text_color__hover_enabled=&#8221;on|hover&#8221; background_enable_color__hover=&#8221;on&#8221; background__hover_enabled=&#8221;on|hover&#8221; sticky_enabled=&#8221;0&#8243;]<\/p>\n<p style=\"text-align: center;\">Read More<\/p>\n<p>[\/et_pb_blurb][\/et_pb_column][et_pb_column type=&#8221;1_3&#8243; _builder_version=&#8221;4.24.0&#8243; _module_preset=&#8221;default&#8221; global_colors_info=&#8221;{}&#8221;][et_pb_blurb title=&#8221;Metodologjia mbi matjen e perceptimit te publikut&#8221; url=&#8221;https:\/\/rrjetiantikorrupsion.al\/wp-content\/uploads\/2025\/09\/Metodologjia-mbi-matjen-e-perceptimit-te-publikut.pdf&#8221; _builder_version=&#8221;4.24.0&#8243; _module_preset=&#8221;default&#8221; header_text_align=&#8221;center&#8221; header_line_height=&#8221;1.4em&#8221; body_text_color=&#8221;#757575&#8243; background_color=&#8221;#FFFFFF&#8221; custom_margin=&#8221;||50px|||&#8221; custom_padding=&#8221;49px|15px|38px|15px|false|false&#8221; link_option_url=&#8221;https:\/\/rrjetiantikorrupsion.al\/wp-content\/uploads\/2025\/09\/Metodologjia-mbi-matjen-e-perceptimit-te-publikut.pdf&#8221; hover_enabled=&#8221;0&#8243; border_radii=&#8221;on|12px|12px|12px|12px&#8221; border_width_all=&#8221;1px&#8221; border_color_all=&#8221;#FFFFFF&#8221; box_shadow_style=&#8221;preset1&#8243; box_shadow_vertical=&#8221;0px&#8221; box_shadow_blur=&#8221;2px&#8221; locked=&#8221;off&#8221; global_colors_info=&#8221;{}&#8221; content__hover_enabled=&#8221;on|desktop&#8221; content__hover=&#8221;<\/p>\n<p style=\"%22text-align:\" center;%22><span style=\"%22color:\" #ffffff;%22>Read More<\/span><\/p>\n<p>&#8221; border_radii__hover_enabled=&#8221;off|hover&#8221; border_color_all__hover_enabled=&#8221;on|hover&#8221; border_color_all__hover=&#8221;#03477f&#8221; body_text_color__hover=&#8221;#FFFFFF&#8221; body_text_color__hover_enabled=&#8221;on|hover&#8221; background_color__hover=&#8221;#003399&#8243; header_text_color__hover=&#8221;#FFFFFF&#8221; header_text_color__hover_enabled=&#8221;on|hover&#8221; background_enable_color__hover=&#8221;on&#8221; background__hover_enabled=&#8221;on|hover&#8221; sticky_enabled=&#8221;0&#8243;]<\/p>\n<p style=\"text-align: center;\">Read More<\/p>\n<p>[\/et_pb_blurb][\/et_pb_column][\/et_pb_row][et_pb_row column_structure=&#8221;1_3,1_3,1_3&#8243; _builder_version=&#8221;4.24.0&#8243; _module_preset=&#8221;default&#8221; global_colors_info=&#8221;{}&#8221; custom_margin=&#8221;-46px|auto||auto||&#8221;][et_pb_column type=&#8221;1_3&#8243; _builder_version=&#8221;4.24.0&#8243; _module_preset=&#8221;default&#8221; global_colors_info=&#8221;{}&#8221;][et_pb_blurb title=&#8221;Udhezues Qendra per Drejtesi Gjinore&#8221; url=&#8221;https:\/\/rrjetiantikorrupsion.al\/wp-content\/uploads\/2024\/11\/Raport-Monitorimi-mbi-njohjen-dhe-zbatimin-e-ligjit-per-mbrojtjen-nga-diskriminimi-1.pdf&#8221; _builder_version=&#8221;4.24.0&#8243; _module_preset=&#8221;default&#8221; header_text_align=&#8221;center&#8221; header_line_height=&#8221;1.4em&#8221; body_text_color=&#8221;#757575&#8243; background_color=&#8221;#FFFFFF&#8221; custom_margin=&#8221;||50px|||&#8221; custom_padding=&#8221;36px|15px|50px|15px|false|false&#8221; link_option_url=&#8221;https:\/\/rrjetiantikorrupsion.al\/wp-content\/uploads\/2024\/11\/Udhezues_Qendra-per-Drejtesi-Gjinore.pdf&#8221; border_radii=&#8221;on|12px|12px|12px|12px&#8221; border_width_all=&#8221;1px&#8221; border_color_all=&#8221;#FFFFFF&#8221; box_shadow_style=&#8221;preset1&#8243; box_shadow_vertical=&#8221;0px&#8221; box_shadow_blur=&#8221;2px&#8221; global_colors_info=&#8221;{}&#8221; content__hover_enabled=&#8221;on|hover&#8221; content__hover=&#8221;<\/p>\n<p style=\"%22text-align:\" center;%22><span style=\"%22color:\" #ffffff;%22>Read More<\/span><\/p>\n<p>&#8221; border_radii__hover_enabled=&#8221;off|hover&#8221; border_color_all__hover_enabled=&#8221;on|hover&#8221; border_color_all__hover=&#8221;#03477f&#8221; body_text_color__hover=&#8221;#FFFFFF&#8221; body_text_color__hover_enabled=&#8221;on|hover&#8221; background_color__hover=&#8221;#003399&#8243; header_text_color__hover=&#8221;#FFFFFF&#8221; header_text_color__hover_enabled=&#8221;on|hover&#8221; background_enable_color__hover=&#8221;on&#8221; background__hover_enabled=&#8221;on|hover&#8221;]<\/p>\n<p style=\"text-align: center;\">Read More<\/p>\n<p>[\/et_pb_blurb][\/et_pb_column][et_pb_column type=&#8221;1_3&#8243; _builder_version=&#8221;4.24.0&#8243; _module_preset=&#8221;default&#8221; global_colors_info=&#8221;{}&#8221;][et_pb_blurb title=&#8221;Manual mbi Denimet Alternative ne Republiken e Shqiperise&#8221; url=&#8221;https:\/\/rrjetiantikorrupsion.al\/wp-content\/uploads\/2024\/11\/Raport-Monitorimi-mbi-njohjen-dhe-zbatimin-e-ligjit-per-mbrojtjen-nga-diskriminimi-1.pdf&#8221; _builder_version=&#8221;4.24.0&#8243; _module_preset=&#8221;default&#8221; header_text_align=&#8221;center&#8221; header_line_height=&#8221;1.4em&#8221; body_text_color=&#8221;#757575&#8243; background_color=&#8221;#FFFFFF&#8221; custom_margin=&#8221;||50px|||&#8221; custom_padding=&#8221;36px|15px|27px|15px|false|false&#8221; link_option_url=&#8221;https:\/\/rrjetiantikorrupsion.al\/wp-content\/uploads\/2024\/11\/Manual-mbi-Denimet-Alternative-ne-Republiken-e-Shqiperise.pdf&#8221; border_radii=&#8221;on|12px|12px|12px|12px&#8221; border_width_all=&#8221;1px&#8221; border_color_all=&#8221;#FFFFFF&#8221; box_shadow_style=&#8221;preset1&#8243; box_shadow_vertical=&#8221;0px&#8221; box_shadow_blur=&#8221;2px&#8221; locked=&#8221;off&#8221; global_colors_info=&#8221;{}&#8221; content__hover_enabled=&#8221;on|hover&#8221; content__hover=&#8221;<\/p>\n<p style=\"%22text-align:\" center;%22><span style=\"%22color:\" #ffffff;%22>Read More<\/span><\/p>\n<p>&#8221; border_radii__hover_enabled=&#8221;off|hover&#8221; border_color_all__hover_enabled=&#8221;on|hover&#8221; border_color_all__hover=&#8221;#03477f&#8221; body_text_color__hover=&#8221;#FFFFFF&#8221; body_text_color__hover_enabled=&#8221;on|hover&#8221; background_color__hover=&#8221;#003399&#8243; header_text_color__hover=&#8221;#FFFFFF&#8221; header_text_color__hover_enabled=&#8221;on|hover&#8221; background_enable_color__hover=&#8221;on&#8221; background__hover_enabled=&#8221;on|hover&#8221;]<\/p>\n<p style=\"text-align: center;\">Read More<\/p>\n<p>[\/et_pb_blurb][\/et_pb_column][et_pb_column type=&#8221;1_3&#8243; _builder_version=&#8221;4.24.0&#8243; _module_preset=&#8221;default&#8221; global_colors_info=&#8221;{}&#8221;][et_pb_blurb title=&#8221;E drejta p\u00ebr informim n\u00eb Shqip\u00ebri&#8221; url=&#8221;https:\/\/rrjetiantikorrupsion.al\/wp-content\/uploads\/2024\/11\/E-drejta-per-informim-ne-Shqiperi.pdf&#8221; _builder_version=&#8221;4.24.0&#8243; _module_preset=&#8221;default&#8221; header_text_align=&#8221;center&#8221; header_line_height=&#8221;1.4em&#8221; body_text_color=&#8221;#757575&#8243; background_color=&#8221;#FFFFFF&#8221; custom_margin=&#8221;||50px|||&#8221; custom_padding=&#8221;36px|15px|52px|15px|false|false&#8221; link_option_url=&#8221;https:\/\/rrjetiantikorrupsion.al\/wp-content\/uploads\/2024\/11\/E-drejta-per-informim-ne-Shqiperi.pdf&#8221; border_radii=&#8221;on|12px|12px|12px|12px&#8221; border_width_all=&#8221;1px&#8221; border_color_all=&#8221;#FFFFFF&#8221; box_shadow_style=&#8221;preset1&#8243; box_shadow_vertical=&#8221;0px&#8221; box_shadow_blur=&#8221;2px&#8221; locked=&#8221;off&#8221; global_colors_info=&#8221;{}&#8221; content__hover_enabled=&#8221;on|hover&#8221; content__hover=&#8221;<\/p>\n<p style=\"%22text-align:\" center;%22><span style=\"%22color:\" #ffffff;%22>Read More<\/span><\/p>\n<p>&#8221; border_radii__hover_enabled=&#8221;off|hover&#8221; border_color_all__hover_enabled=&#8221;on|hover&#8221; border_color_all__hover=&#8221;#03477f&#8221; body_text_color__hover=&#8221;#FFFFFF&#8221; body_text_color__hover_enabled=&#8221;on|hover&#8221; background_color__hover=&#8221;#003399&#8243; header_text_color__hover=&#8221;#FFFFFF&#8221; header_text_color__hover_enabled=&#8221;on|hover&#8221; background_enable_color__hover=&#8221;on&#8221; background__hover_enabled=&#8221;on|hover&#8221;]<\/p>\n<p style=\"text-align: center;\">Read More<\/p>\n<p>[\/et_pb_blurb][\/et_pb_column][\/et_pb_row][\/et_pb_section]<\/p>","protected":false},"excerpt":{"rendered":"<p>MANUALELexo m\u00eb shum\u00ebLexo m\u00eb shum\u00ebLexo m\u00eb shum\u00ebLexo m\u00eb shum\u00ebLexo m\u00eb shum\u00eb<\/p>","protected":false},"author":1,"featured_media":0,"parent":0,"menu_order":0,"comment_status":"closed","ping_status":"closed","template":"","meta":{"_et_pb_use_builder":"on","_et_pb_old_content":"","_et_gb_content_width":"","footnotes":""},"dipi_cpt_category":[],"class_list":["post-191","page","type-page","status-publish","hentry"],"_links":{"self":[{"href":"https:\/\/rrjetiantikorrupsion.al\/en\/wp-json\/wp\/v2\/pages\/191","targetHints":{"allow":["GET"]}}],"collection":[{"href":"https:\/\/rrjetiantikorrupsion.al\/en\/wp-json\/wp\/v2\/pages"}],"about":[{"href":"https:\/\/rrjetiantikorrupsion.al\/en\/wp-json\/wp\/v2\/types\/page"}],"author":[{"embeddable":true,"href":"https:\/\/rrjetiantikorrupsion.al\/en\/wp-json\/wp\/v2\/users\/1"}],"replies":[{"embeddable":true,"href":"https:\/\/rrjetiantikorrupsion.al\/en\/wp-json\/wp\/v2\/comments?post=191"}],"version-history":[{"count":10,"href":"https:\/\/rrjetiantikorrupsion.al\/en\/wp-json\/wp\/v2\/pages\/191\/revisions"}],"predecessor-version":[{"id":1940,"href":"https:\/\/rrjetiantikorrupsion.al\/en\/wp-json\/wp\/v2\/pages\/191\/revisions\/1940"}],"wp:attachment":[{"href":"https:\/\/rrjetiantikorrupsion.al\/en\/wp-json\/wp\/v2\/media?parent=191"}],"wp:term":[{"taxonomy":"dipi_cpt_category","embeddable":true,"href":"https:\/\/rrjetiantikorrupsion.al\/en\/wp-json\/wp\/v2\/dipi_cpt_category?post=191"}],"curies":[{"name":"wp","href":"https:\/\/api.w.org\/{rel}","templated":true}]}}