{"id":190,"date":"2024-11-18T11:12:34","date_gmt":"2024-11-18T11:12:34","guid":{"rendered":"https:\/\/rrjetiantikorrupsion.al\/?page_id=190"},"modified":"2025-04-25T15:22:07","modified_gmt":"2025-04-25T15:22:07","slug":"studime","status":"publish","type":"page","link":"https:\/\/rrjetiantikorrupsion.al\/en\/studime\/","title":{"rendered":"Studies"},"content":{"rendered":"<p>[et_pb_section fb_built=&#8221;1&#8243; _builder_version=&#8221;4.24.0&#8243; _module_preset=&#8221;default&#8221; background_image=&#8221;https:\/\/rrjetiantikorrupsion.al\/wp-content\/uploads\/2024\/11\/Asset-1white.png&#8221; global_colors_info=&#8221;{}&#8221;][et_pb_row column_structure=&#8221;1_2,1_2&#8243; _builder_version=&#8221;4.24.0&#8243; _module_preset=&#8221;default&#8221; global_colors_info=&#8221;{}&#8221;][et_pb_column type=&#8221;1_2&#8243; _builder_version=&#8221;4.24.0&#8243; _module_preset=&#8221;default&#8221; global_colors_info=&#8221;{}&#8221;][et_pb_text _builder_version=&#8221;4.24.0&#8243; _module_preset=&#8221;default&#8221; text_text_color=&#8221;#FFFFFF&#8221; header_font_size=&#8221;56px&#8221; header_font_size_tablet=&#8221;56px&#8221; header_font_size_phone=&#8221;35px&#8221; header_font_size_last_edited=&#8221;on|phone&#8221; global_colors_info=&#8221;{}&#8221;]<\/p>\n<h1><span style=\"color: #ffffff;\"><strong>STUDIES<\/strong><\/span><\/h1>\n<p>[\/et_pb_text][\/et_pb_column][et_pb_column type=&#8221;1_2&#8243; _builder_version=&#8221;4.24.0&#8243; _module_preset=&#8221;default&#8221; global_colors_info=&#8221;{}&#8221;][\/et_pb_column][\/et_pb_row][\/et_pb_section][et_pb_section fb_built=&#8221;1&#8243; _builder_version=&#8221;4.24.0&#8243; _module_preset=&#8221;default&#8221; global_colors_info=&#8221;{}&#8221;][et_pb_row column_structure=&#8221;1_3,1_3,1_3&#8243; _builder_version=&#8221;4.24.0&#8243; _module_preset=&#8221;default&#8221; locked=&#8221;off&#8221; global_colors_info=&#8221;{}&#8221;][et_pb_column type=&#8221;1_3&#8243; _builder_version=&#8221;4.24.0&#8243; _module_preset=&#8221;default&#8221; global_colors_info=&#8221;{}&#8221;][et_pb_blurb title=&#8221;The role of the high court in the uniform of application of Law in Albania&#8221; image=&#8221;https:\/\/rrjetiantikorrupsion.al\/wp-content\/uploads\/2025\/04\/still-life-with-scales-justice-scaled.jpg&#8221; _builder_version=&#8221;4.24.0&#8243; _module_preset=&#8221;default&#8221; header_text_align=&#8221;center&#8221; header_line_height=&#8221;1.4em&#8221; body_text_color=&#8221;#757575&#8243; background_color=&#8221;#FFFFFF&#8221; custom_margin=&#8221;||50px||false|false&#8221; custom_padding=&#8221;15px|15px|15px|15px|false|false&#8221; link_option_url=&#8221;https:\/\/rrjetiantikorrupsion.al\/wp-content\/uploads\/2024\/11\/The-role-of-the-high-court-in-the-uniform-of-application-of-Law-in-Albania-2021.pdf&#8221; border_radii=&#8221;on|12px|12px|12px|12px&#8221; border_width_all=&#8221;1px&#8221; border_color_all=&#8221;#FFFFFF&#8221; box_shadow_style=&#8221;preset1&#8243; box_shadow_vertical=&#8221;0px&#8221; box_shadow_blur=&#8221;2px&#8221; locked=&#8221;off&#8221; global_colors_info=&#8221;{}&#8221; content__hover_enabled=&#8221;on|hover&#8221; content__hover=&#8221;<\/p>\n<p style=\"%22text-align:\" center;%22><span style=\"%22color:\" #ffffff;%22>Read More<\/span><\/p>\n<p>&#8221; border_radii__hover_enabled=&#8221;off|hover&#8221; border_color_all__hover_enabled=&#8221;on|hover&#8221; border_color_all__hover=&#8221;#03477f&#8221; header_text_color__hover_enabled=&#8221;on|hover&#8221; header_text_color__hover=&#8221;#FFFFFF&#8221; body_text_color__hover_enabled=&#8221;on|hover&#8221; body_text_color__hover=&#8221;#FFFFFF&#8221; background__hover_enabled=&#8221;on|hover&#8221; background_color__hover=&#8221;#003399&#8243; background_enable_color__hover=&#8221;on&#8221;]<\/p>\n<p style=\"text-align: center;\">Read More<\/p>\n<p>[\/et_pb_blurb][et_pb_blurb title=&#8221;Regional Assesment Investigation of corruption&#8221; image=&#8221;https:\/\/rrjetiantikorrupsion.al\/wp-content\/uploads\/2025\/04\/young-businessman-working-from-his-office-counting-cash-money-scaled.jpg&#8221; _builder_version=&#8221;4.24.0&#8243; _module_preset=&#8221;default&#8221; header_text_align=&#8221;center&#8221; header_line_height=&#8221;1.4em&#8221; body_text_color=&#8221;#757575&#8243; background_color=&#8221;#FFFFFF&#8221; custom_margin=&#8221;||50px|||&#8221; custom_padding=&#8221;15px|15px|15px|15px|false|false&#8221; link_option_url=&#8221;https:\/\/rrjetiantikorrupsion.al\/wp-content\/uploads\/2024\/11\/Regional-Assesment-Investigation-of-corruption-2020.pdf&#8221; border_radii=&#8221;on|12px|12px|12px|12px&#8221; border_width_all=&#8221;1px&#8221; border_color_all=&#8221;#FFFFFF&#8221; box_shadow_style=&#8221;preset1&#8243; box_shadow_vertical=&#8221;0px&#8221; box_shadow_blur=&#8221;2px&#8221; locked=&#8221;off&#8221; global_colors_info=&#8221;{}&#8221; content__hover_enabled=&#8221;on|hover&#8221; content__hover=&#8221;<\/p>\n<p style=\"%22text-align:\" center;%22><span style=\"%22color:\" #ffffff;%22>Read More<\/span><\/p>\n<p>&#8221; border_radii__hover_enabled=&#8221;off|hover&#8221; border_color_all__hover_enabled=&#8221;on|hover&#8221; border_color_all__hover=&#8221;#03477f&#8221; header_text_color__hover_enabled=&#8221;on|hover&#8221; header_text_color__hover=&#8221;#FFFFFF&#8221; body_text_color__hover_enabled=&#8221;on|hover&#8221; body_text_color__hover=&#8221;#FFFFFF&#8221; background__hover_enabled=&#8221;on|hover&#8221; background_color__hover=&#8221;#003399&#8243; background_enable_color__hover=&#8221;on&#8221;]<\/p>\n<p style=\"text-align: center;\">Read More<\/p>\n<p>[\/et_pb_blurb][et_pb_blurb title=&#8221;Investigation and prosecution of corruption&#8221; image=&#8221;https:\/\/rrjetiantikorrupsion.al\/wp-content\/uploads\/2025\/04\/closeup-person-wearing-suit-holding-phone-with-notebook-scaled.jpg&#8221; _builder_version=&#8221;4.24.0&#8243; _module_preset=&#8221;default&#8221; header_text_align=&#8221;center&#8221; header_line_height=&#8221;1.4em&#8221; body_text_color=&#8221;#757575&#8243; background_color=&#8221;#FFFFFF&#8221; custom_margin=&#8221;||50px|||&#8221; custom_padding=&#8221;15px|15px|15px|15px|false|false&#8221; link_option_url=&#8221;https:\/\/rrjetiantikorrupsion.al\/wp-content\/uploads\/2024\/11\/Investigation-and-prosecution-of-corruption_Alb_NM_KS.pdf&#8221; border_radii=&#8221;on|12px|12px|12px|12px&#8221; border_width_all=&#8221;1px&#8221; border_color_all=&#8221;#FFFFFF&#8221; box_shadow_style=&#8221;preset1&#8243; box_shadow_vertical=&#8221;0px&#8221; box_shadow_blur=&#8221;2px&#8221; locked=&#8221;off&#8221; global_colors_info=&#8221;{}&#8221; content__hover_enabled=&#8221;on|hover&#8221; content__hover=&#8221;<\/p>\n<p style=\"%22text-align:\" center;%22><span style=\"%22color:\" #ffffff;%22>Read More<\/span><\/p>\n<p>&#8221; border_radii__hover_enabled=&#8221;off|hover&#8221; border_color_all__hover_enabled=&#8221;on|hover&#8221; border_color_all__hover=&#8221;#03477f&#8221; header_text_color__hover_enabled=&#8221;on|hover&#8221; header_text_color__hover=&#8221;#FFFFFF&#8221; body_text_color__hover_enabled=&#8221;on|hover&#8221; body_text_color__hover=&#8221;#FFFFFF&#8221; background__hover_enabled=&#8221;on|hover&#8221; background_color__hover=&#8221;#003399&#8243; background_enable_color__hover=&#8221;on&#8221;]<\/p>\n<p style=\"text-align: center;\">Read More<\/p>\n<p>[\/et_pb_blurb][et_pb_blurb title=&#8221;Analize mbi Institutin e Ndermjetesimit&#8221; image=&#8221;https:\/\/rrjetiantikorrupsion.al\/wp-content\/uploads\/2024\/05\/meeting.jpg&#8221; _builder_version=&#8221;4.24.0&#8243; _module_preset=&#8221;default&#8221; header_text_align=&#8221;center&#8221; header_line_height=&#8221;1.4em&#8221; body_text_color=&#8221;#757575&#8243; background_color=&#8221;#FFFFFF&#8221; custom_margin=&#8221;||50px|||&#8221; custom_padding=&#8221;15px|15px|15px|15px|false|false&#8221; link_option_url=&#8221;https:\/\/rrjetiantikorrupsion.al\/wp-content\/uploads\/2024\/11\/Analize-mbi-Institutin-e-Ndermjetesimit.pdf&#8221; hover_enabled=&#8221;0&#8243; border_radii=&#8221;on|12px|12px|12px|12px&#8221; border_width_all=&#8221;1px&#8221; border_color_all=&#8221;#FFFFFF&#8221; box_shadow_style=&#8221;preset1&#8243; box_shadow_vertical=&#8221;0px&#8221; box_shadow_blur=&#8221;2px&#8221; locked=&#8221;off&#8221; global_colors_info=&#8221;{}&#8221; content__hover_enabled=&#8221;on|hover&#8221; content__hover=&#8221;<\/p>\n<p style=\"%22text-align:\" center;%22><span style=\"%22color:\" #ffffff;%22>Read More<\/span><\/p>\n<p>&#8221; border_radii__hover_enabled=&#8221;off|hover&#8221; border_color_all__hover_enabled=&#8221;on|hover&#8221; border_color_all__hover=&#8221;#03477f&#8221; header_text_color__hover_enabled=&#8221;on|hover&#8221; header_text_color__hover=&#8221;#FFFFFF&#8221; body_text_color__hover_enabled=&#8221;on|hover&#8221; body_text_color__hover=&#8221;#FFFFFF&#8221; background__hover_enabled=&#8221;on|hover&#8221; background_color__hover=&#8221;#003399&#8243; background_enable_color__hover=&#8221;on&#8221; title_text=&#8221;meeting&#8221; sticky_enabled=&#8221;0&#8243;]<\/p>\n<p style=\"text-align: center;\">Read More<\/p>\n<p>[\/et_pb_blurb][et_pb_blurb title=&#8221;Analiza mbi Eficencen e Institucioneve te Drejtesise&#8221; image=&#8221;https:\/\/rrjetiantikorrupsion.al\/wp-content\/uploads\/2025\/04\/aerial-drone-view-tirana-albania-scaled.jpg&#8221; _builder_version=&#8221;4.24.0&#8243; _module_preset=&#8221;default&#8221; header_text_align=&#8221;center&#8221; header_line_height=&#8221;1.4em&#8221; body_text_color=&#8221;#757575&#8243; background_color=&#8221;#FFFFFF&#8221; custom_margin=&#8221;||50px|||&#8221; custom_padding=&#8221;15px|15px|15px|15px|false|false&#8221; link_option_url=&#8221;https:\/\/rrjetiantikorrupsion.al\/wp-content\/uploads\/2024\/11\/Analiza-mbi-Eficencen-e-Institucioneve-te-Drejtesise-2021.pdf&#8221; hover_enabled=&#8221;0&#8243; border_radii=&#8221;on|12px|12px|12px|12px&#8221; border_width_all=&#8221;1px&#8221; border_color_all=&#8221;#FFFFFF&#8221; box_shadow_style=&#8221;preset1&#8243; box_shadow_vertical=&#8221;0px&#8221; box_shadow_blur=&#8221;2px&#8221; locked=&#8221;off&#8221; global_colors_info=&#8221;{}&#8221; content__hover_enabled=&#8221;on|hover&#8221; content__hover=&#8221;<\/p>\n<p style=\"%22text-align:\" center;%22><span style=\"%22color:\" #ffffff;%22>Read More<\/span><\/p>\n<p>&#8221; border_radii__hover_enabled=&#8221;off|hover&#8221; border_color_all__hover_enabled=&#8221;on|hover&#8221; border_color_all__hover=&#8221;#03477f&#8221; header_text_color__hover_enabled=&#8221;on|hover&#8221; header_text_color__hover=&#8221;#FFFFFF&#8221; body_text_color__hover_enabled=&#8221;on|hover&#8221; body_text_color__hover=&#8221;#FFFFFF&#8221; background__hover_enabled=&#8221;on|hover&#8221; background_color__hover=&#8221;#003399&#8243; background_enable_color__hover=&#8221;on&#8221; title_text=&#8221;Aerial drone view of Tirana, Albania&#8221; sticky_enabled=&#8221;0&#8243;]<\/p>\n<p style=\"text-align: center;\">Read More<\/p>\n<p>[\/et_pb_blurb][\/et_pb_column][et_pb_column type=&#8221;1_3&#8243; _builder_version=&#8221;4.24.0&#8243; _module_preset=&#8221;default&#8221; global_colors_info=&#8221;{}&#8221;][et_pb_blurb title=&#8221;Ceshtjet gjyqesore penale dhe civile me pale gazetare dhe perfaqesues te medias&#8221; image=&#8221;https:\/\/rrjetiantikorrupsion.al\/wp-content\/uploads\/2025\/04\/hands-engineer-working-blueprint-construction-concept-engineering-tools-vintage-tone-retro-filter-effect-soft-focus-selective-focus-scaled.jpg&#8221; _builder_version=&#8221;4.24.0&#8243; _module_preset=&#8221;default&#8221; header_text_align=&#8221;center&#8221; header_line_height=&#8221;1.4em&#8221; body_text_color=&#8221;#757575&#8243; background_color=&#8221;#FFFFFF&#8221; custom_margin=&#8221;||50px|||&#8221; custom_padding=&#8221;15px|15px|15px|15px|false|false&#8221; link_option_url=&#8221;https:\/\/rrjetiantikorrupsion.al\/wp-content\/uploads\/2024\/11\/Studim_Ceshtjet-gjyqesore-penale-dhe-civile-me-pale-gazetare-dhe-perfaqesues-te-medias_2022.pdf&#8221; border_radii=&#8221;on|12px|12px|12px|12px&#8221; border_width_all=&#8221;1px&#8221; border_color_all=&#8221;#FFFFFF&#8221; box_shadow_style=&#8221;preset1&#8243; box_shadow_vertical=&#8221;0px&#8221; box_shadow_blur=&#8221;2px&#8221; locked=&#8221;off&#8221; global_colors_info=&#8221;{}&#8221; content__hover_enabled=&#8221;on|hover&#8221; content__hover=&#8221;<\/p>\n<p style=\"%22text-align:\" center;%22><span style=\"%22color:\" #ffffff;%22>Read More<\/span><\/p>\n<p>&#8221; border_radii__hover_enabled=&#8221;off|hover&#8221; border_color_all__hover_enabled=&#8221;on|hover&#8221; border_color_all__hover=&#8221;#03477f&#8221; header_text_color__hover_enabled=&#8221;on|hover&#8221; header_text_color__hover=&#8221;#FFFFFF&#8221; body_text_color__hover_enabled=&#8221;on|hover&#8221; body_text_color__hover=&#8221;#FFFFFF&#8221; background__hover_enabled=&#8221;on|hover&#8221; background_color__hover=&#8221;#003399&#8243; background_enable_color__hover=&#8221;on&#8221;]<\/p>\n<p style=\"text-align: center;\">Read More<\/p>\n<p>[\/et_pb_blurb][et_pb_blurb title=&#8221;Judicial self-governance in Albania&#8221; image=&#8221;https:\/\/rrjetiantikorrupsion.al\/wp-content\/uploads\/2024\/11\/2386.jpg&#8221; _builder_version=&#8221;4.24.0&#8243; _module_preset=&#8221;default&#8221; header_text_align=&#8221;center&#8221; header_line_height=&#8221;1.4em&#8221; body_text_color=&#8221;#757575&#8243; background_color=&#8221;#FFFFFF&#8221; custom_margin=&#8221;||50px|||&#8221; custom_padding=&#8221;15px|15px|15px|15px|false|false&#8221; link_option_url=&#8221;https:\/\/rrjetiantikorrupsion.al\/wp-content\/uploads\/2024\/11\/Judicial-self-governance-in-Albania_2021.pdf&#8221; border_radii=&#8221;on|12px|12px|12px|12px&#8221; border_width_all=&#8221;1px&#8221; border_color_all=&#8221;#FFFFFF&#8221; box_shadow_style=&#8221;preset1&#8243; box_shadow_vertical=&#8221;0px&#8221; box_shadow_blur=&#8221;2px&#8221; locked=&#8221;off&#8221; global_colors_info=&#8221;{}&#8221; content__hover_enabled=&#8221;on|hover&#8221; content__hover=&#8221;<\/p>\n<p style=\"%22text-align:\" center;%22><span style=\"%22color:\" #ffffff;%22>Read More<\/span><\/p>\n<p>&#8221; border_radii__hover_enabled=&#8221;off|hover&#8221; border_color_all__hover_enabled=&#8221;on|hover&#8221; border_color_all__hover=&#8221;#03477f&#8221; header_text_color__hover_enabled=&#8221;on|hover&#8221; header_text_color__hover=&#8221;#FFFFFF&#8221; body_text_color__hover_enabled=&#8221;on|hover&#8221; body_text_color__hover=&#8221;#FFFFFF&#8221; background__hover_enabled=&#8221;on|hover&#8221; background_color__hover=&#8221;#003399&#8243; background_enable_color__hover=&#8221;on&#8221;]<\/p>\n<p style=\"text-align: center;\">Read More<\/p>\n<p>[\/et_pb_blurb][et_pb_blurb title=&#8221;Botimi i punimeve akademike mbi reformen kushtetuese&#8221; image=&#8221;https:\/\/rrjetiantikorrupsion.al\/wp-content\/uploads\/2024\/11\/5331.jpg&#8221; _builder_version=&#8221;4.24.0&#8243; _module_preset=&#8221;default&#8221; header_text_align=&#8221;center&#8221; header_line_height=&#8221;1.4em&#8221; body_text_color=&#8221;#757575&#8243; background_color=&#8221;#FFFFFF&#8221; custom_margin=&#8221;||50px|||&#8221; custom_padding=&#8221;15px|15px|15px|15px|false|false&#8221; link_option_url=&#8221;https:\/\/rrjetiantikorrupsion.al\/wp-content\/uploads\/2024\/11\/Botimi-i-punimeve-akademike-mbi-reformen-kushtetuese-.pdf&#8221; border_radii=&#8221;on|12px|12px|12px|12px&#8221; border_width_all=&#8221;1px&#8221; border_color_all=&#8221;#FFFFFF&#8221; box_shadow_style=&#8221;preset1&#8243; box_shadow_vertical=&#8221;0px&#8221; box_shadow_blur=&#8221;2px&#8221; locked=&#8221;off&#8221; global_colors_info=&#8221;{}&#8221; content__hover_enabled=&#8221;on|hover&#8221; content__hover=&#8221;<\/p>\n<p style=\"%22text-align:\" center;%22><span style=\"%22color:\" #ffffff;%22>Read More<\/span><\/p>\n<p>&#8221; border_radii__hover_enabled=&#8221;off|hover&#8221; border_color_all__hover_enabled=&#8221;on|hover&#8221; border_color_all__hover=&#8221;#03477f&#8221; header_text_color__hover_enabled=&#8221;on|hover&#8221; header_text_color__hover=&#8221;#FFFFFF&#8221; body_text_color__hover_enabled=&#8221;on|hover&#8221; body_text_color__hover=&#8221;#FFFFFF&#8221; background__hover_enabled=&#8221;on|hover&#8221; background_color__hover=&#8221;#003399&#8243; background_enable_color__hover=&#8221;on&#8221;]<\/p>\n<p style=\"text-align: center;\">Read More<\/p>\n<p>[\/et_pb_blurb][et_pb_blurb title=&#8221;Analize Ligjore Ndermjetesimi&#8221; image=&#8221;https:\/\/rrjetiantikorrupsion.al\/wp-content\/uploads\/2025\/04\/close-up-workers-with-briefcases-scaled.jpg&#8221; _builder_version=&#8221;4.24.0&#8243; _module_preset=&#8221;default&#8221; header_text_align=&#8221;center&#8221; header_line_height=&#8221;1.4em&#8221; body_text_color=&#8221;#757575&#8243; background_color=&#8221;#FFFFFF&#8221; custom_margin=&#8221;||50px|||&#8221; custom_padding=&#8221;15px|15px|41px|15px|false|false&#8221; link_option_url=&#8221;https:\/\/rrjetiantikorrupsion.al\/wp-content\/uploads\/2024\/11\/Analize-Ligjore-Ndermjetesimi-2019.-docx.pdf&#8221; hover_enabled=&#8221;0&#8243; border_radii=&#8221;on|12px|12px|12px|12px&#8221; border_width_all=&#8221;1px&#8221; border_color_all=&#8221;#FFFFFF&#8221; box_shadow_style=&#8221;preset1&#8243; box_shadow_vertical=&#8221;0px&#8221; box_shadow_blur=&#8221;2px&#8221; locked=&#8221;off&#8221; global_colors_info=&#8221;{}&#8221; content__hover_enabled=&#8221;on|hover&#8221; content__hover=&#8221;<\/p>\n<p style=\"%22text-align:\" center;%22><span style=\"%22color:\" #ffffff;%22>Read More<\/span><\/p>\n<p>&#8221; border_radii__hover_enabled=&#8221;off|hover&#8221; border_color_all__hover_enabled=&#8221;on|hover&#8221; border_color_all__hover=&#8221;#03477f&#8221; header_text_color__hover_enabled=&#8221;on|hover&#8221; header_text_color__hover=&#8221;#FFFFFF&#8221; body_text_color__hover_enabled=&#8221;on|hover&#8221; body_text_color__hover=&#8221;#FFFFFF&#8221; background__hover_enabled=&#8221;on|hover&#8221; background_color__hover=&#8221;#003399&#8243; background_enable_color__hover=&#8221;on&#8221; title_text=&#8221;Business partners&#8221; sticky_enabled=&#8221;0&#8243;]<\/p>\n<p style=\"text-align: center;\">Read More<\/p>\n<p>[\/et_pb_blurb][\/et_pb_column][et_pb_column type=&#8221;1_3&#8243; _builder_version=&#8221;4.24.0&#8243; _module_preset=&#8221;default&#8221; global_colors_info=&#8221;{}&#8221;][et_pb_blurb title=&#8221;Judicial culture and the role of Judges in developing Law in Albania&#8221; image=&#8221;https:\/\/rrjetiantikorrupsion.al\/wp-content\/uploads\/2025\/04\/closeup-gavel-judgement-concept-scaled.jpg&#8221; _builder_version=&#8221;4.24.0&#8243; _module_preset=&#8221;default&#8221; header_text_align=&#8221;center&#8221; header_line_height=&#8221;1.4em&#8221; body_text_color=&#8221;#757575&#8243; background_color=&#8221;#FFFFFF&#8221; custom_margin=&#8221;||50px|||&#8221; custom_padding=&#8221;15px|15px|15px|15px|false|false&#8221; link_option_url=&#8221;https:\/\/rrjetiantikorrupsion.al\/wp-content\/uploads\/2024\/11\/Judicial-culture-and-the-role-of-Judges-in-developing-Law-in-Albania-2021-.pdf&#8221; border_radii=&#8221;on|12px|12px|12px|12px&#8221; border_width_all=&#8221;1px&#8221; border_color_all=&#8221;#FFFFFF&#8221; box_shadow_style=&#8221;preset1&#8243; box_shadow_vertical=&#8221;0px&#8221; box_shadow_blur=&#8221;2px&#8221; locked=&#8221;off&#8221; global_colors_info=&#8221;{}&#8221; content__hover_enabled=&#8221;on|hover&#8221; content__hover=&#8221;<\/p>\n<p style=\"%22text-align:\" center;%22><span style=\"%22color:\" #ffffff;%22>Read More<\/span><\/p>\n<p>&#8221; border_radii__hover_enabled=&#8221;off|hover&#8221; border_color_all__hover_enabled=&#8221;on|hover&#8221; border_color_all__hover=&#8221;#03477f&#8221; header_text_color__hover_enabled=&#8221;on|hover&#8221; header_text_color__hover=&#8221;#FFFFFF&#8221; body_text_color__hover_enabled=&#8221;on|hover&#8221; body_text_color__hover=&#8221;#FFFFFF&#8221; background__hover_enabled=&#8221;on|hover&#8221; background_color__hover=&#8221;#003399&#8243; background_enable_color__hover=&#8221;on&#8221;]<\/p>\n<p style=\"text-align: center;\">Read More<\/p>\n<p>[\/et_pb_blurb][et_pb_blurb title=&#8221;Strategjia per edukimin ligjor te publikut&#8221; image=&#8221;https:\/\/rrjetiantikorrupsion.al\/wp-content\/uploads\/2025\/04\/low-angle-shot-tall-business-building-nyc-scaled.jpg&#8221; _builder_version=&#8221;4.24.0&#8243; _module_preset=&#8221;default&#8221; header_text_align=&#8221;center&#8221; header_line_height=&#8221;1.4em&#8221; body_text_color=&#8221;#757575&#8243; background_color=&#8221;#FFFFFF&#8221; custom_margin=&#8221;||50px|||&#8221; custom_padding=&#8221;15px|15px|15px|15px|false|false&#8221; link_option_url=&#8221;https:\/\/rrjetiantikorrupsion.al\/wp-content\/uploads\/2024\/11\/Strategjia-per-edukimin-ligjor-te-publikut-2019-2023.pdf&#8221; border_radii=&#8221;on|12px|12px|12px|12px&#8221; border_width_all=&#8221;1px&#8221; border_color_all=&#8221;#FFFFFF&#8221; box_shadow_style=&#8221;preset1&#8243; box_shadow_vertical=&#8221;0px&#8221; box_shadow_blur=&#8221;2px&#8221; locked=&#8221;off&#8221; global_colors_info=&#8221;{}&#8221; content__hover_enabled=&#8221;on|hover&#8221; content__hover=&#8221;<\/p>\n<p style=\"%22text-align:\" center;%22><span style=\"%22color:\" #ffffff;%22>Read More<\/span><\/p>\n<p>&#8221; border_radii__hover_enabled=&#8221;off|hover&#8221; border_color_all__hover_enabled=&#8221;on|hover&#8221; border_color_all__hover=&#8221;#03477f&#8221; header_text_color__hover_enabled=&#8221;on|hover&#8221; header_text_color__hover=&#8221;#FFFFFF&#8221; body_text_color__hover_enabled=&#8221;on|hover&#8221; body_text_color__hover=&#8221;#FFFFFF&#8221; background__hover_enabled=&#8221;on|hover&#8221; background_color__hover=&#8221;#003399&#8243; background_enable_color__hover=&#8221;on&#8221;]<\/p>\n<p style=\"text-align: center;\">Read More<\/p>\n<p>[\/et_pb_blurb][et_pb_blurb title=&#8221;Te drejtat e pronesise se gruas ne zonen bregdetare te jugut&#8221; image=&#8221;https:\/\/rrjetiantikorrupsion.al\/wp-content\/uploads\/2024\/11\/33746.jpg&#8221; _builder_version=&#8221;4.24.0&#8243; _module_preset=&#8221;default&#8221; header_text_align=&#8221;center&#8221; header_line_height=&#8221;1.4em&#8221; body_text_color=&#8221;#757575&#8243; background_color=&#8221;#FFFFFF&#8221; custom_margin=&#8221;||50px|||&#8221; custom_padding=&#8221;15px|15px|15px|15px|false|false&#8221; link_option_url=&#8221;https:\/\/rrjetiantikorrupsion.al\/wp-content\/uploads\/2024\/11\/Analize-Te-drejtat-e-pronesise-se-gruas-ne-zonen-bregdetare-te-jugut.pdf&#8221; border_radii=&#8221;on|12px|12px|12px|12px&#8221; border_width_all=&#8221;1px&#8221; border_color_all=&#8221;#FFFFFF&#8221; box_shadow_style=&#8221;preset1&#8243; box_shadow_vertical=&#8221;0px&#8221; box_shadow_blur=&#8221;2px&#8221; locked=&#8221;off&#8221; global_colors_info=&#8221;{}&#8221; content__hover_enabled=&#8221;on|hover&#8221; content__hover=&#8221;<\/p>\n<p style=\"%22text-align:\" center;%22><span style=\"%22color:\" #ffffff;%22>Read More<\/span><\/p>\n<p>&#8221; border_radii__hover_enabled=&#8221;off|hover&#8221; border_color_all__hover_enabled=&#8221;on|hover&#8221; border_color_all__hover=&#8221;#03477f&#8221; header_text_color__hover_enabled=&#8221;on|hover&#8221; header_text_color__hover=&#8221;#FFFFFF&#8221; body_text_color__hover_enabled=&#8221;on|hover&#8221; body_text_color__hover=&#8221;#FFFFFF&#8221; background__hover_enabled=&#8221;on|hover&#8221; background_color__hover=&#8221;#003399&#8243; background_enable_color__hover=&#8221;on&#8221;]<\/p>\n<p style=\"text-align: center;\">Read More<\/p>\n<p>[\/et_pb_blurb][et_pb_blurb title=&#8221;Analiza mbi hetimin administrativ t\u00eb korrupsionit&#8221; image=&#8221;https:\/\/rrjetiantikorrupsion.al\/wp-content\/uploads\/2025\/04\/rear-view-two-businesspeople-examining-document-caf-scaled.jpg&#8221; _builder_version=&#8221;4.24.0&#8243; _module_preset=&#8221;default&#8221; header_text_align=&#8221;center&#8221; header_line_height=&#8221;1.4em&#8221; body_text_color=&#8221;#757575&#8243; background_color=&#8221;#FFFFFF&#8221; custom_margin=&#8221;||50px|||&#8221; custom_padding=&#8221;15px|15px|15px|15px|false|false&#8221; link_option_url=&#8221;https:\/\/rrjetiantikorrupsion.al\/wp-content\/uploads\/2024\/11\/Analiza-mbi-hetimin-administrativ-te-korrupsionit-2024.pdf&#8221; hover_enabled=&#8221;0&#8243; border_radii=&#8221;on|12px|12px|12px|12px&#8221; border_width_all=&#8221;1px&#8221; border_color_all=&#8221;#FFFFFF&#8221; box_shadow_style=&#8221;preset1&#8243; box_shadow_vertical=&#8221;0px&#8221; box_shadow_blur=&#8221;2px&#8221; locked=&#8221;off&#8221; global_colors_info=&#8221;{}&#8221; content__hover_enabled=&#8221;on|hover&#8221; content__hover=&#8221;<\/p>\n<p style=\"%22text-align:\" center;%22><span style=\"%22color:\" #ffffff;%22>Read More<\/span><\/p>\n<p>&#8221; border_radii__hover_enabled=&#8221;off|hover&#8221; border_color_all__hover_enabled=&#8221;on|hover&#8221; border_color_all__hover=&#8221;#03477f&#8221; header_text_color__hover_enabled=&#8221;on|hover&#8221; header_text_color__hover=&#8221;#FFFFFF&#8221; body_text_color__hover_enabled=&#8221;on|hover&#8221; body_text_color__hover=&#8221;#FFFFFF&#8221; background__hover_enabled=&#8221;on|hover&#8221; background_color__hover=&#8221;#003399&#8243; background_enable_color__hover=&#8221;on&#8221; title_text=&#8221;rear-view-two-businesspeople-examining-document-caf&#8221; sticky_enabled=&#8221;0&#8243;]<\/p>\n<p style=\"text-align: center;\">Read More<\/p>\n<p>[\/et_pb_blurb][\/et_pb_column][\/et_pb_row][\/et_pb_section]<\/p>","protected":false},"excerpt":{"rendered":"<p>STUDIMELexo m\u00eb shum\u00ebLexo m\u00eb shum\u00ebLexo m\u00eb shum\u00ebLexo m\u00eb shum\u00ebLexo m\u00eb shum\u00ebLexo m\u00eb shum\u00ebLexo m\u00eb shum\u00ebLexo m\u00eb shum\u00ebLexo m\u00eb shum\u00ebLexo m\u00eb shum\u00ebLexo m\u00eb shum\u00ebLexo m\u00eb shum\u00ebLexo m\u00eb shum\u00eb<\/p>","protected":false},"author":1,"featured_media":0,"parent":0,"menu_order":0,"comment_status":"closed","ping_status":"closed","template":"","meta":{"_et_pb_use_builder":"on","_et_pb_old_content":"","_et_gb_content_width":"","footnotes":""},"dipi_cpt_category":[],"class_list":["post-190","page","type-page","status-publish","hentry"],"_links":{"self":[{"href":"https:\/\/rrjetiantikorrupsion.al\/en\/wp-json\/wp\/v2\/pages\/190","targetHints":{"allow":["GET"]}}],"collection":[{"href":"https:\/\/rrjetiantikorrupsion.al\/en\/wp-json\/wp\/v2\/pages"}],"about":[{"href":"https:\/\/rrjetiantikorrupsion.al\/en\/wp-json\/wp\/v2\/types\/page"}],"author":[{"embeddable":true,"href":"https:\/\/rrjetiantikorrupsion.al\/en\/wp-json\/wp\/v2\/users\/1"}],"replies":[{"embeddable":true,"href":"https:\/\/rrjetiantikorrupsion.al\/en\/wp-json\/wp\/v2\/comments?post=190"}],"version-history":[{"count":17,"href":"https:\/\/rrjetiantikorrupsion.al\/en\/wp-json\/wp\/v2\/pages\/190\/revisions"}],"predecessor-version":[{"id":736,"href":"https:\/\/rrjetiantikorrupsion.al\/en\/wp-json\/wp\/v2\/pages\/190\/revisions\/736"}],"wp:attachment":[{"href":"https:\/\/rrjetiantikorrupsion.al\/en\/wp-json\/wp\/v2\/media?parent=190"}],"wp:term":[{"taxonomy":"dipi_cpt_category","embeddable":true,"href":"https:\/\/rrjetiantikorrupsion.al\/en\/wp-json\/wp\/v2\/dipi_cpt_category?post=190"}],"curies":[{"name":"wp","href":"https:\/\/api.w.org\/{rel}","templated":true}]}}