{"id":1654,"date":"2025-06-12T13:17:42","date_gmt":"2025-06-12T13:17:42","guid":{"rendered":"https:\/\/rrjetiantikorrupsion.al\/?page_id=1654"},"modified":"2025-06-12T13:17:58","modified_gmt":"2025-06-12T13:17:58","slug":"koalicione-per-universitete-te-pastra-rritja-e-integritetit-ne-arsimin-e-larte-ne-shqiperi","status":"publish","type":"page","link":"https:\/\/rrjetiantikorrupsion.al\/en\/koalicione-per-universitete-te-pastra-rritja-e-integritetit-ne-arsimin-e-larte-ne-shqiperi\/","title":{"rendered":"Coalitions for Clean Universities: Enhancing Integrity in Higher Education in Albania"},"content":{"rendered":"<p>[et_pb_section fb_built=&#8221;1&#8243; disabled_on=&#8221;on|off|off&#8221; _builder_version=&#8221;4.24.0&#8243; _module_preset=&#8221;default&#8221; background_color=&#8221;#003399&#8243; background_image=&#8221;https:\/\/rrjetiantikorrupsion.al\/wp-content\/uploads\/2025\/06\/event12.jpg&#8221; background_position=&#8221;top_center&#8221; background_vertical_offset=&#8221;57%&#8221; background_blend=&#8221;multiply&#8221; custom_padding=&#8221;85px||164px||false|false&#8221; hover_enabled=&#8221;0&#8243; custom_css_main_element=&#8221;position: relative;||z-index: 1;||&#8221; locked=&#8221;off&#8221; global_colors_info=&#8221;{}&#8221; theme_builder_area=&#8221;post_content&#8221; title_text=&#8221;event12&#8243; sticky_enabled=&#8221;0&#8243;][et_pb_row _builder_version=&#8221;4.24.0&#8243; _module_preset=&#8221;default&#8221; custom_margin=&#8221;-1px|auto|36px|auto||&#8221; custom_padding=&#8221;||17px|||&#8221; scroll_horizontal_motion=&#8221;0|38|38|100|-18.5|0|0&#8243; locked=&#8221;off&#8221; global_colors_info=&#8221;{}&#8221; theme_builder_area=&#8221;post_content&#8221;][et_pb_column type=&#8221;4_4&#8243; _builder_version=&#8221;4.24.0&#8243; _module_preset=&#8221;default&#8221; global_colors_info=&#8221;{}&#8221; theme_builder_area=&#8221;post_content&#8221;][et_pb_text _builder_version=&#8221;4.24.0&#8243; _module_preset=&#8221;default&#8221; text_text_color=&#8221;#242424&#8243; header_text_align=&#8221;center&#8221; header_text_color=&#8221;#FFFFFF&#8221; header_font_size=&#8221;46px&#8221; custom_margin=&#8221;59px|-34px||-5px||&#8221; hover_enabled=&#8221;0&#8243; header_font_size_tablet=&#8221;40px&#8221; header_font_size_phone=&#8221;28px&#8221; header_font_size_last_edited=&#8221;on|phone&#8221; locked=&#8221;off&#8221; global_colors_info=&#8221;{}&#8221; theme_builder_area=&#8221;post_content&#8221; sticky_enabled=&#8221;0&#8243;]<\/p>\n<h1 style=\"text-align: left;\"><strong>Coalitions for Clean Universities: Enhancing Integrity in Higher Education in Albania<\/strong><\/h1>\n<p>[\/et_pb_text][\/et_pb_column][\/et_pb_row][\/et_pb_section][et_pb_section fb_built=&#8221;1&#8243; _builder_version=&#8221;4.24.0&#8243; _module_preset=&#8221;default&#8221; background_color=&#8221;#FFFFFF&#8221; custom_margin=&#8221;0px||-190px||false|false&#8221; custom_padding=&#8221;98px||0px||false|false&#8221; scroll_vertical_motion_enable=&#8221;on&#8221; scroll_vertical_motion=&#8221;0|54|54|100|4|0|-4&#8243; motion_trigger_start=&#8221;top&#8221; custom_css_main_element=&#8221;position: relative;||z-index: 10;||background: white;||overflow: hidden;||&#8221; border_radii=&#8221;off|50px|50px||&#8221; global_colors_info=&#8221;{}&#8221; theme_builder_area=&#8221;post_content&#8221;][et_pb_row _builder_version=&#8221;4.24.0&#8243; _module_preset=&#8221;default&#8221; global_colors_info=&#8221;{}&#8221; theme_builder_area=&#8221;post_content&#8221;][et_pb_column type=&#8221;4_4&#8243; _builder_version=&#8221;4.24.0&#8243; _module_preset=&#8221;default&#8221; global_colors_info=&#8221;{}&#8221; theme_builder_area=&#8221;post_content&#8221;][et_pb_text _builder_version=&#8221;4.24.0&#8243; _module_preset=&#8221;default&#8221; text_font_size=&#8221;19px&#8221; text_orientation=&#8221;center&#8221; custom_margin=&#8221;16px|-15px||-5px||&#8221; hover_enabled=&#8221;0&#8243; global_colors_info=&#8221;{}&#8221; theme_builder_area=&#8221;post_content&#8221; sticky_enabled=&#8221;0&#8243;]<\/p>\n<p style=\"text-align: left;\"><strong>Implementing Organization: Albanian Institute for International Studies (AIIS)<\/strong><\/p>\n<p style=\"text-align: left;\">Corruption remains one of the most serious challenges in Albania, particularly in the higher education sector. Students, lecturers, and administrative staff often find themselves in a complex system of relationships that discourages the reporting of corruption. Concerning practices such as offering bribes or favors in exchange for grades or diplomas have created a dangerous coexistence that severely undermines the quality and credibility of education. Furthermore, the lack of clear mechanisms for reporting and addressing such phenomena has left significant room for impunity and distrust.<\/p>\n<p style=\"text-align: left;\">Our project emerged from the urgent need to improve academic integrity and strengthen a culture of accountability in Albanian universities. To make this possible, it is essential to create synergies among various stakeholders and build a unified voice supported by public opinion.<\/p>\n<p style=\"text-align: left;\"><strong>The project is based on three main pillars: Drafting, Dialogue &amp; Enhancement, and Awareness.<\/strong><\/p>\n<p style=\"text-align: left;\"><strong>The main objectives of the project are:<\/strong><\/p>\n<ul style=\"text-align: left;\">\n<li>To combat corruption in higher education through improved policies, increased awareness, and strong institutional and social networking.<\/li>\n<li>To identify existing mechanisms for preventing, reporting, and addressing active and passive corruption in universities.<\/li>\n<li>To build and strengthen collaborations that promote integrity through the involvement of stakeholders and public awareness.<\/li>\n<\/ul>\n<p style=\"text-align: left;\"><strong>What we aim to achieve:<\/strong><\/p>\n<ol style=\"text-align: left;\">\n<li class=\"translation-block\"><strong>Drafting<\/strong> a comprehensive report on existing anti-corruption policies and recommendations for their improvement.<\/li>\n<li class=\"translation-block\"><strong>Building dialogue and collaboration<\/strong> in three public universities \u2013 <strong>University of Tirana<\/strong>, <strong>\u201cAleksand\u00ebr Moisiu\u201d University in Durr\u00ebs<\/strong>, and <strong>\u201cIsmail Qemali\u201d University in Vlor\u00eb<\/strong> \u2013 to engage key actors both within and outside the institutions.<\/li>\n<li class=\"translation-block\"><strong>Public awareness<\/strong> through activities, articles, and media content that promote transparency and support cultural change in education.<\/li>\n<\/ol>\n<p style=\"text-align: left;\">This project aims to serve as a model for all universities in Albania, promoting the exchange of experiences and the dissemination of best practices. With the joint commitment of society, universities, and institutions, we believe it is possible to build a more honest, higher-quality, and trustworthy education system for Albanian youth.<\/p>\n<p style=\"text-align: left;\">[\/et_pb_text][\/et_pb_column][\/et_pb_row][et_pb_row column_structure=&#8221;1_2,1_2&#8243; _builder_version=&#8221;4.24.0&#8243; _module_preset=&#8221;default&#8221; custom_margin=&#8221;98px|auto||424px||&#8221; global_colors_info=&#8221;{}&#8221; theme_builder_area=&#8221;post_content&#8221;][et_pb_column type=&#8221;1_2&#8243; _builder_version=&#8221;4.24.0&#8243; _module_preset=&#8221;default&#8221; global_colors_info=&#8221;{}&#8221; theme_builder_area=&#8221;post_content&#8221;][dipi_tilt_image image=&#8221;https:\/\/rrjetiantikorrupsion.al\/wp-content\/uploads\/2025\/06\/event12.jpg&#8221; titl_image_box_height=&#8221;346px&#8221; tilt_overlay_color=&#8221;RGBA(255,255,255,0)&#8221; _builder_version=&#8221;4.24.0&#8243; _module_preset=&#8221;default&#8221; animation_style=&#8221;fade&#8221; scroll_fade_enable=&#8221;on&#8221; scroll_fade=&#8221;0|24|24|100|0|100|100&#8243; hover_enabled=&#8221;0&#8243; border_radii=&#8221;on|15px|15px|15px|15px&#8221; border_width_bottom=&#8221;9px&#8221; border_color_bottom=&#8221;#062782&#8243; global_colors_info=&#8221;{}&#8221; theme_builder_area=&#8221;post_content&#8221; title_text=&#8221;event12&#8243; sticky_enabled=&#8221;0&#8243;][\/dipi_tilt_image][dipi_tilt_image image=&#8221;https:\/\/rrjetiantikorrupsion.al\/wp-content\/uploads\/2025\/06\/event12-2.jpg&#8221; titl_image_box_height=&#8221;346px&#8221; tilt_overlay_color=&#8221;RGBA(255,255,255,0)&#8221; _builder_version=&#8221;4.24.0&#8243; _module_preset=&#8221;default&#8221; custom_margin=&#8221;110px|14px||47px||&#8221; animation_style=&#8221;fade&#8221; scroll_fade_enable=&#8221;on&#8221; scroll_fade=&#8221;0|22|22|100|0|100|100&#8243; hover_enabled=&#8221;0&#8243; border_radii=&#8221;on|15px|15px|15px|15px&#8221; border_width_bottom=&#8221;9px&#8221; border_color_bottom=&#8221;#062782&#8243; global_colors_info=&#8221;{}&#8221; theme_builder_area=&#8221;post_content&#8221; title_text=&#8221;event12-2&#8243; sticky_enabled=&#8221;0&#8243;][\/dipi_tilt_image][\/et_pb_column][et_pb_column type=&#8221;1_2&#8243; _builder_version=&#8221;4.24.0&#8243; _module_preset=&#8221;default&#8221; global_colors_info=&#8221;{}&#8221; theme_builder_area=&#8221;post_content&#8221;][dipi_tilt_image image=&#8221;https:\/\/rrjetiantikorrupsion.al\/wp-content\/uploads\/2025\/06\/event12-1.jpg&#8221; titl_image_box_height=&#8221;396px&#8221; _builder_version=&#8221;4.24.0&#8243; _module_preset=&#8221;default&#8221; custom_margin=&#8221;142px|128px||-142px||&#8221; animation_style=&#8221;fade&#8221; scroll_fade_enable=&#8221;on&#8221; scroll_fade=&#8221;0|22|22|100|0|100|100&#8243; hover_enabled=&#8221;0&#8243; border_radii=&#8221;on|15px|15px|15px|15px&#8221; border_width_bottom=&#8221;9px&#8221; border_color_bottom=&#8221;#062782&#8243; locked=&#8221;off&#8221; global_colors_info=&#8221;{}&#8221; theme_builder_area=&#8221;post_content&#8221; title_text=&#8221;event12-1&#8243; sticky_enabled=&#8221;0&#8243;][\/dipi_tilt_image][dipi_tilt_image image=&#8221;https:\/\/rrjetiantikorrupsion.al\/wp-content\/uploads\/2025\/06\/event12-3.jpg&#8221; titl_image_box_height=&#8221;396px&#8221; _builder_version=&#8221;4.24.0&#8243; _module_preset=&#8221;default&#8221; custom_margin=&#8221;142px|128px||-142px||&#8221; animation_style=&#8221;fade&#8221; scroll_fade_enable=&#8221;on&#8221; scroll_fade=&#8221;0|22|22|100|0|100|100&#8243; hover_enabled=&#8221;0&#8243; border_radii=&#8221;on|15px|15px|15px|15px&#8221; border_width_bottom=&#8221;9px&#8221; border_color_bottom=&#8221;#062782&#8243; locked=&#8221;off&#8221; global_colors_info=&#8221;{}&#8221; theme_builder_area=&#8221;post_content&#8221; title_text=&#8221;event12-3&#8243; sticky_enabled=&#8221;0&#8243;][\/dipi_tilt_image][\/et_pb_column][\/et_pb_row][\/et_pb_section]<\/p>","protected":false},"excerpt":{"rendered":"<p>Koalicione p\u00ebr Universitete t\u00eb Pastra: Rritja e Integritetit n\u00eb Arsimin e Lart\u00eb n\u00eb Shqip\u00ebriOrganizata Zbatuese: Instituti Shqiptar p\u00ebr Studime Nd\u00ebrkomb\u00ebtare (AIIS) Korrupsioni mbetet nj\u00eb nga sfidat m\u00eb serioze n\u00eb Shqip\u00ebri, ve\u00e7an\u00ebrisht n\u00eb sektorin e arsimit t\u00eb lart\u00eb. Student\u00ebt, pedagog\u00ebt dhe administrata shpesh ndodhen n\u00eb nj\u00eb sistem t\u00eb nd\u00ebrlikuar marr\u00ebdh\u00ebniesh q\u00eb dekurajon denoncimin e korrupsionit. Praktika [&hellip;]<\/p>","protected":false},"author":1,"featured_media":0,"parent":0,"menu_order":0,"comment_status":"closed","ping_status":"closed","template":"","meta":{"_et_pb_use_builder":"on","_et_pb_old_content":"","_et_gb_content_width":"","footnotes":""},"dipi_cpt_category":[],"class_list":["post-1654","page","type-page","status-publish","hentry"],"_links":{"self":[{"href":"https:\/\/rrjetiantikorrupsion.al\/en\/wp-json\/wp\/v2\/pages\/1654","targetHints":{"allow":["GET"]}}],"collection":[{"href":"https:\/\/rrjetiantikorrupsion.al\/en\/wp-json\/wp\/v2\/pages"}],"about":[{"href":"https:\/\/rrjetiantikorrupsion.al\/en\/wp-json\/wp\/v2\/types\/page"}],"author":[{"embeddable":true,"href":"https:\/\/rrjetiantikorrupsion.al\/en\/wp-json\/wp\/v2\/users\/1"}],"replies":[{"embeddable":true,"href":"https:\/\/rrjetiantikorrupsion.al\/en\/wp-json\/wp\/v2\/comments?post=1654"}],"version-history":[{"count":3,"href":"https:\/\/rrjetiantikorrupsion.al\/en\/wp-json\/wp\/v2\/pages\/1654\/revisions"}],"predecessor-version":[{"id":1662,"href":"https:\/\/rrjetiantikorrupsion.al\/en\/wp-json\/wp\/v2\/pages\/1654\/revisions\/1662"}],"wp:attachment":[{"href":"https:\/\/rrjetiantikorrupsion.al\/en\/wp-json\/wp\/v2\/media?parent=1654"}],"wp:term":[{"taxonomy":"dipi_cpt_category","embeddable":true,"href":"https:\/\/rrjetiantikorrupsion.al\/en\/wp-json\/wp\/v2\/dipi_cpt_category?post=1654"}],"curies":[{"name":"wp","href":"https:\/\/api.w.org\/{rel}","templated":true}]}}