{"id":1642,"date":"2025-06-12T13:13:02","date_gmt":"2025-06-12T13:13:02","guid":{"rendered":"https:\/\/rrjetiantikorrupsion.al\/?page_id=1642"},"modified":"2025-06-12T13:14:48","modified_gmt":"2025-06-12T13:14:48","slug":"monitorimi-per-qendrueshmeri","status":"publish","type":"page","link":"https:\/\/rrjetiantikorrupsion.al\/en\/monitorimi-per-qendrueshmeri\/","title":{"rendered":"Sustainability Monitoring"},"content":{"rendered":"<p>[et_pb_section fb_built=&#8221;1&#8243; disabled_on=&#8221;on|off|off&#8221; _builder_version=&#8221;4.24.0&#8243; _module_preset=&#8221;default&#8221; background_color=&#8221;#003399&#8243; background_image=&#8221;https:\/\/rrjetiantikorrupsion.al\/wp-content\/uploads\/2025\/06\/event11-1.jpg&#8221; background_position=&#8221;top_center&#8221; background_vertical_offset=&#8221;26%&#8221; background_blend=&#8221;multiply&#8221; custom_padding=&#8221;85px||164px||false|false&#8221; hover_enabled=&#8221;0&#8243; custom_css_main_element=&#8221;position: relative;||z-index: 1;||&#8221; locked=&#8221;off&#8221; global_colors_info=&#8221;{}&#8221; title_text=&#8221;event11-1&#8243; sticky_enabled=&#8221;0&#8243;][et_pb_row _builder_version=&#8221;4.24.0&#8243; _module_preset=&#8221;default&#8221; custom_margin=&#8221;-1px|auto|36px|auto||&#8221; custom_padding=&#8221;||17px|||&#8221; scroll_horizontal_motion=&#8221;0|38|38|100|-18.5|0|0&#8243; locked=&#8221;off&#8221; global_colors_info=&#8221;{}&#8221;][et_pb_column type=&#8221;4_4&#8243; _builder_version=&#8221;4.24.0&#8243; _module_preset=&#8221;default&#8221; global_colors_info=&#8221;{}&#8221;][et_pb_text _builder_version=&#8221;4.24.0&#8243; _module_preset=&#8221;default&#8221; text_text_color=&#8221;#242424&#8243; header_text_align=&#8221;center&#8221; header_text_color=&#8221;#FFFFFF&#8221; header_font_size=&#8221;46px&#8221; custom_margin=&#8221;59px|-34px||-5px||&#8221; header_font_size_tablet=&#8221;40px&#8221; header_font_size_phone=&#8221;28px&#8221; header_font_size_last_edited=&#8221;on|phone&#8221; locked=&#8221;off&#8221; global_colors_info=&#8221;{}&#8221;]<\/p>\n<h1 style=\"text-align: left;\"><strong>Sustainability Monitoring<\/strong><\/h1>\n<p>[\/et_pb_text][\/et_pb_column][\/et_pb_row][\/et_pb_section][et_pb_section fb_built=&#8221;1&#8243; _builder_version=&#8221;4.24.0&#8243; _module_preset=&#8221;default&#8221; background_color=&#8221;#FFFFFF&#8221; custom_margin=&#8221;0px||-190px||false|false&#8221; custom_padding=&#8221;98px||0px||false|false&#8221; scroll_vertical_motion_enable=&#8221;on&#8221; scroll_vertical_motion=&#8221;0|54|54|100|4|0|-4&#8243; motion_trigger_start=&#8221;top&#8221; custom_css_main_element=&#8221;position: relative;||z-index: 10;||background: white;||overflow: hidden;||&#8221; border_radii=&#8221;off|50px|50px||&#8221; global_colors_info=&#8221;{}&#8221;][et_pb_row _builder_version=&#8221;4.24.0&#8243; _module_preset=&#8221;default&#8221; global_colors_info=&#8221;{}&#8221;][et_pb_column type=&#8221;4_4&#8243; _builder_version=&#8221;4.24.0&#8243; _module_preset=&#8221;default&#8221; global_colors_info=&#8221;{}&#8221;][et_pb_text _builder_version=&#8221;4.24.0&#8243; _module_preset=&#8221;default&#8221; text_font_size=&#8221;19px&#8221; text_orientation=&#8221;center&#8221; custom_margin=&#8221;16px|-15px||-5px||&#8221; global_colors_info=&#8221;{}&#8221;]<\/p>\n<p style=\"text-align: left;\">The All Green Center launched in January this year the implementation of the initiative \u201cMonitoring for Sustainability,\u201d supported by the European Union as part of the project \u201cCivil Society Against Corruption: From a Local Challenge to a European Response!\u201d The project is being implemented in the municipalities of Devoll and Kolonj\u00eb, within the Kor\u00e7\u00eb County municipalities.<\/p>\n<p style=\"text-align: left;\" class=\"translation-block\">The main objective of the initiative is to prevent corruption in land use in the municipalities of Devoll and Kolonj\u00eb by monitoring decision-making processes and empowering the community in the Kor\u00e7\u00eb region to ensure sustainability.<\/p>\n<p style=\"text-align: left;\"><strong><em>Specific Objectives:<\/em><\/strong><\/p>\n<ul style=\"text-align: left;\">\n<li>Monitoring decisions and processes, and assessing environmental impacts resulting from land-use changes\u2014from forest and pasture land to photovoltaic power plant development\u2014in the municipalities of Devoll and Kolonj\u00eb.<\/li>\n<li>Promoting active community participation, especially among women, girls, and youth, in monitoring, advocacy, and following up on decision-making processes in the municipalities of Kor\u00e7\u00eb County.<\/li>\n<\/ul>\n<p style=\"text-align: left;\"><strong>Target Results:<\/strong><\/p>\n<p style=\"text-align: left;\" class=\"translation-block\">R1. Decisions monitored for corruption risks in the change of land use from natural to industrial (photovoltaic plants) over a 3-year period, assessment of long-term environmental impacts, and a concrete action plan developed for 2 municipalities.<\/p>\n<p style=\"text-align: left;\" class=\"translation-block\">R2. Municipalities oriented toward more transparent and sustainable decision-making in land-use changes, taking into account impacts on natural receptors and climate change adaptation.<\/p>\n<p style=\"text-align: left;\" class=\"translation-block\">R3. Women, girls, and youth involved in decision-making processes regarding changes in natural land use, its development, and adaptation to climate change.<\/p>\n<p style=\"text-align: left;\" class=\"translation-block\">R4. Increased capacities among women, girls, and youth for monitoring high-risk corruption decisions and advocating for issues related to environmental protection and climate change adaptation.<\/p>\n<p style=\"text-align: left;\" class=\"translation-block\">R5. A promoted example of monitoring high-risk corruption decisions with an impact at the local level.<\/p>\n<p style=\"text-align: left;\">\n<p style=\"text-align: left;\"><strong>Activities:<\/strong><\/p>\n<p style=\"text-align: left;\" class=\"translation-block\">A1. Preparation of the monitoring report on municipal procedures for changing land use from natural to industrial (construction of solar power plants);<\/p>\n<p style=\"text-align: left;\" class=\"translation-block\">A2. Two informational meetings with residents (mainly women and girls) in the targeted municipalities;<\/p>\n<p style=\"text-align: left;\" class=\"translation-block\">A3. Six training sessions in six high schools in the targeted municipalities and those within the region;<\/p>\n<p style=\"text-align: left;\" class=\"translation-block\">A4. A regional forum (Kor\u00e7a Region) to raise public awareness and share positive experiences on decision-making, corruption risk, and the importance of nature conservation for climate change adaptation;<\/p>\n<p style=\"text-align: left;\" class=\"translation-block\">A5. Production of an investigative documentary on decision-making issues related to land use changes, particularly in forests and pastures, and their impact on nature and the environment;<\/p>\n<p style=\"text-align: left;\" class=\"translation-block\">A6. Presentation of the Monitoring Report to the Municipal Councils;<\/p>\n<p style=\"text-align: left;\" class=\"translation-block\">A7. Implementation of a promotional campaign on the issue of decision-making regarding land use changes, their impact on nature, and adaptation to climate change, as well as the overall activities of the project.<\/p>\n<p>[\/et_pb_text][\/et_pb_column][\/et_pb_row][et_pb_row column_structure=&#8221;1_2,1_2&#8243; _builder_version=&#8221;4.24.0&#8243; _module_preset=&#8221;default&#8221; custom_margin=&#8221;98px|auto||424px||&#8221; global_colors_info=&#8221;{}&#8221;][et_pb_column type=&#8221;1_2&#8243; _builder_version=&#8221;4.24.0&#8243; _module_preset=&#8221;default&#8221; global_colors_info=&#8221;{}&#8221;][dipi_tilt_image image=&#8221;https:\/\/rrjetiantikorrupsion.al\/wp-content\/uploads\/2025\/06\/event11-3.jpg&#8221; titl_image_box_height=&#8221;346px&#8221; tilt_overlay_color=&#8221;RGBA(255,255,255,0)&#8221; _builder_version=&#8221;4.24.0&#8243; _module_preset=&#8221;default&#8221; animation_style=&#8221;fade&#8221; scroll_fade_enable=&#8221;on&#8221; scroll_fade=&#8221;0|24|24|100|0|100|100&#8243; border_radii=&#8221;on|15px|15px|15px|15px&#8221; border_width_bottom=&#8221;9px&#8221; border_color_bottom=&#8221;#062782&#8243; global_colors_info=&#8221;{}&#8221;][\/dipi_tilt_image][dipi_tilt_image image=&#8221;https:\/\/rrjetiantikorrupsion.al\/wp-content\/uploads\/2025\/06\/event11-2.jpg&#8221; titl_image_box_height=&#8221;346px&#8221; tilt_overlay_color=&#8221;RGBA(255,255,255,0)&#8221; _builder_version=&#8221;4.24.0&#8243; _module_preset=&#8221;default&#8221; custom_margin=&#8221;110px|14px||47px||&#8221; animation_style=&#8221;fade&#8221; scroll_fade_enable=&#8221;on&#8221; scroll_fade=&#8221;0|22|22|100|0|100|100&#8243; border_radii=&#8221;on|15px|15px|15px|15px&#8221; border_width_bottom=&#8221;9px&#8221; border_color_bottom=&#8221;#062782&#8243; global_colors_info=&#8221;{}&#8221;][\/dipi_tilt_image][dipi_tilt_image image=&#8221;https:\/\/rrjetiantikorrupsion.al\/wp-content\/uploads\/2025\/06\/event11.jpg&#8221; titl_image_box_height=&#8221;346px&#8221; tilt_overlay_color=&#8221;RGBA(255,255,255,0)&#8221; _builder_version=&#8221;4.24.0&#8243; _module_preset=&#8221;default&#8221; custom_margin=&#8221;-97px|244px||-44px||&#8221; animation_style=&#8221;fade&#8221; scroll_fade_enable=&#8221;on&#8221; scroll_fade=&#8221;0|24|24|100|0|100|100&#8243; border_radii=&#8221;on|15px|15px|15px|15px&#8221; border_width_bottom=&#8221;9px&#8221; border_color_bottom=&#8221;#062782&#8243; global_colors_info=&#8221;{}&#8221;][\/dipi_tilt_image][\/et_pb_column][et_pb_column type=&#8221;1_2&#8243; _builder_version=&#8221;4.24.0&#8243; _module_preset=&#8221;default&#8221; global_colors_info=&#8221;{}&#8221;][dipi_tilt_image image=&#8221;https:\/\/rrjetiantikorrupsion.al\/wp-content\/uploads\/2025\/06\/event11-4.jpg&#8221; titl_image_box_height=&#8221;396px&#8221; _builder_version=&#8221;4.24.0&#8243; _module_preset=&#8221;default&#8221; custom_margin=&#8221;142px|128px||-142px||&#8221; animation_style=&#8221;fade&#8221; scroll_fade_enable=&#8221;on&#8221; scroll_fade=&#8221;0|22|22|100|0|100|100&#8243; border_radii=&#8221;on|15px|15px|15px|15px&#8221; border_width_bottom=&#8221;9px&#8221; border_color_bottom=&#8221;#062782&#8243; locked=&#8221;off&#8221; global_colors_info=&#8221;{}&#8221;][\/dipi_tilt_image][dipi_tilt_image image=&#8221;https:\/\/rrjetiantikorrupsion.al\/wp-content\/uploads\/2025\/06\/event11-1.jpg&#8221; titl_image_box_height=&#8221;396px&#8221; _builder_version=&#8221;4.24.0&#8243; _module_preset=&#8221;default&#8221; custom_margin=&#8221;142px|128px||-142px||&#8221; animation_style=&#8221;fade&#8221; scroll_fade_enable=&#8221;on&#8221; scroll_fade=&#8221;0|22|22|100|0|100|100&#8243; border_radii=&#8221;on|15px|15px|15px|15px&#8221; border_width_bottom=&#8221;9px&#8221; border_color_bottom=&#8221;#062782&#8243; locked=&#8221;off&#8221; global_colors_info=&#8221;{}&#8221;][\/dipi_tilt_image][\/et_pb_column][\/et_pb_row][\/et_pb_section]<\/p>","protected":false},"excerpt":{"rendered":"<p>Monitorimi p\u00ebr Q\u00ebndrueshm\u00ebriQendra \u201cAll Green\u201d ka nisur n\u00eb janar tw kwtij viti zbatimin e iniciativws \u201cMonitorimi p\u00ebr Q\u00ebndrueshm\u00ebri\u201d, i cili mbwshtetet nga Bashkimi Evropian, pjesw e projektit \u201cShoqeria Civile kundwr Korrupsionit, nga njw sfidw vendase nw njw pwrgjigje Evropiane!\u201d. \u00a0Projekti po zbatohet n\u00eb Bashkit\u00eb Devoll dhe Kolonj\u00eb, Bashkit\u00eb e Qarkut Kor\u00e7\u00eb. Q\u00ebllimi kryesor i iniciativ\u00ebs [&hellip;]<\/p>","protected":false},"author":1,"featured_media":0,"parent":0,"menu_order":0,"comment_status":"closed","ping_status":"closed","template":"","meta":{"_et_pb_use_builder":"on","_et_pb_old_content":"","_et_gb_content_width":"","footnotes":""},"dipi_cpt_category":[],"class_list":["post-1642","page","type-page","status-publish","hentry"],"_links":{"self":[{"href":"https:\/\/rrjetiantikorrupsion.al\/en\/wp-json\/wp\/v2\/pages\/1642","targetHints":{"allow":["GET"]}}],"collection":[{"href":"https:\/\/rrjetiantikorrupsion.al\/en\/wp-json\/wp\/v2\/pages"}],"about":[{"href":"https:\/\/rrjetiantikorrupsion.al\/en\/wp-json\/wp\/v2\/types\/page"}],"author":[{"embeddable":true,"href":"https:\/\/rrjetiantikorrupsion.al\/en\/wp-json\/wp\/v2\/users\/1"}],"replies":[{"embeddable":true,"href":"https:\/\/rrjetiantikorrupsion.al\/en\/wp-json\/wp\/v2\/comments?post=1642"}],"version-history":[{"count":4,"href":"https:\/\/rrjetiantikorrupsion.al\/en\/wp-json\/wp\/v2\/pages\/1642\/revisions"}],"predecessor-version":[{"id":1653,"href":"https:\/\/rrjetiantikorrupsion.al\/en\/wp-json\/wp\/v2\/pages\/1642\/revisions\/1653"}],"wp:attachment":[{"href":"https:\/\/rrjetiantikorrupsion.al\/en\/wp-json\/wp\/v2\/media?parent=1642"}],"wp:term":[{"taxonomy":"dipi_cpt_category","embeddable":true,"href":"https:\/\/rrjetiantikorrupsion.al\/en\/wp-json\/wp\/v2\/dipi_cpt_category?post=1642"}],"curies":[{"name":"wp","href":"https:\/\/api.w.org\/{rel}","templated":true}]}}