{"id":1083,"date":"2025-05-20T12:07:27","date_gmt":"2025-05-20T12:07:27","guid":{"rendered":"https:\/\/rrjetiantikorrupsion.al\/?page_id=1083"},"modified":"2025-06-12T14:26:59","modified_gmt":"2025-06-12T14:26:59","slug":"veprimet-e-shoqerise-civile-per-drejtesi-te-perbashket-dhe-lufte-kunder-korrupsionit","status":"publish","type":"page","link":"https:\/\/rrjetiantikorrupsion.al\/en\/veprimet-e-shoqerise-civile-per-drejtesi-te-perbashket-dhe-lufte-kunder-korrupsionit\/","title":{"rendered":"\u201cCivil Society Actions for Common Justice and the Fight Against Corruption\u201d"},"content":{"rendered":"<p>[et_pb_section fb_built=&#8221;1&#8243; disabled_on=&#8221;off|off|off&#8221; _builder_version=&#8221;4.24.0&#8243; _module_preset=&#8221;default&#8221; background_color=&#8221;#003399&#8243; background_image=&#8221;https:\/\/rrjetiantikorrupsion.al\/wp-content\/uploads\/2025\/05\/eventi4-4.jpg&#8221; background_position=&#8221;top_center&#8221; background_vertical_offset=&#8221;62%&#8221; background_blend=&#8221;multiply&#8221; custom_padding=&#8221;85px||164px||false|false&#8221; custom_css_main_element=&#8221;position: relative;||z-index: 1;||&#8221; locked=&#8221;off&#8221; global_colors_info=&#8221;{}&#8221;][et_pb_row _builder_version=&#8221;4.24.0&#8243; _module_preset=&#8221;default&#8221; custom_margin=&#8221;-1px|auto|36px|auto||&#8221; custom_padding=&#8221;||17px|||&#8221; scroll_horizontal_motion=&#8221;0|38|38|100|-18.5|0|0&#8243; locked=&#8221;off&#8221; global_colors_info=&#8221;{}&#8221;][et_pb_column type=&#8221;4_4&#8243; _builder_version=&#8221;4.24.0&#8243; _module_preset=&#8221;default&#8221; global_colors_info=&#8221;{}&#8221;][et_pb_text _builder_version=&#8221;4.24.0&#8243; _module_preset=&#8221;default&#8221; text_text_color=&#8221;#242424&#8243; header_text_align=&#8221;center&#8221; header_text_color=&#8221;#FFFFFF&#8221; header_font_size=&#8221;46px&#8221; custom_margin=&#8221;59px|-34px||-5px||&#8221; header_font_size_tablet=&#8221;40px&#8221; header_font_size_phone=&#8221;28px&#8221; header_font_size_last_edited=&#8221;on|phone&#8221; locked=&#8221;off&#8221; global_colors_info=&#8221;{}&#8221;]<\/p>\n<h1 style=\"text-align: left;\"><strong>\u201cCivil Society Actions for Common Justice and the Fight Against Corruption\u201d<\/strong><\/h1>\n<h3 style=\"text-align: left;\" class=\"translation-block\"><span style=\"color: #ffffff\">Tirana, November 25th 2024<\/span><\/h3>\n<p>[\/et_pb_text][\/et_pb_column][\/et_pb_row][\/et_pb_section][et_pb_section fb_built=&#8221;1&#8243; _builder_version=&#8221;4.24.0&#8243; _module_preset=&#8221;default&#8221; background_color=&#8221;#FFFFFF&#8221; custom_margin=&#8221;0px||-190px||false|false&#8221; custom_padding=&#8221;98px||0px||false|false&#8221; scroll_vertical_motion_enable=&#8221;on&#8221; scroll_vertical_motion=&#8221;0|54|54|100|4|0|-4&#8243; motion_trigger_start=&#8221;top&#8221; custom_css_main_element=&#8221;position: relative;||z-index: 10;||background: white;||overflow: hidden;||&#8221; border_radii=&#8221;off|50px|50px||&#8221; global_colors_info=&#8221;{}&#8221;][et_pb_row _builder_version=&#8221;4.24.0&#8243; _module_preset=&#8221;default&#8221; global_colors_info=&#8221;{}&#8221;][et_pb_column type=&#8221;4_4&#8243; _builder_version=&#8221;4.24.0&#8243; _module_preset=&#8221;default&#8221; global_colors_info=&#8221;{}&#8221;][et_pb_text _builder_version=&#8221;4.24.0&#8243; _module_preset=&#8221;default&#8221; text_font_size=&#8221;19px&#8221; text_orientation=&#8221;center&#8221; custom_margin=&#8221;16px|-15px||-5px||&#8221; global_colors_info=&#8221;{}&#8221;]<\/p>\n<p style=\"text-align: left;\" class=\"translation-block\">On November 25, 2024, the conference **\u201cCivil Society Actions for Shared Justice and Fight Against Corruption\u201d** took place in Tirana \u2014 an important event within the EU-funded project *\u201cCivil Society Against Corruption: From a Local Challenge to a European Response.\u201d* Organized by the ALTRI Center, the Albanian Helsinki Committee (AHC), and Friends of Europe, this conference highlighted the crucial role of civil society in strengthening justice and fighting corruption in Albania and the Western Balkans.<\/p>\n<p style=\"text-align: left;\">The conference brought together representatives of key justice institutions, including the HJC, HPC, SPAK, and the Ministry Against Corruption, to reflect on the achievements and challenges of the Justice Reform so far, particularly eight years after the start of the vetting process. At the center of the discussions was the need to enhance accountability, transparency, and institutional efficiency, as well as to align the reforms with citizens\u2019 expectations.<\/p>\n<p style=\"text-align: left;\" class=\"translation-block\">An important moment of the event was the presentation of the Anti-Corruption Network of Civil Society Organizations, initiated by the ALTRI Center, along with the introduction of the digital platform <span><a href=\"https:\/\/rrjetiantikorrupsion.al\/en\/\" target=\"_self\">http:\/\/www.rrjetiantikorrupsion.al<\/a><\/span>, which aims to provide a collaborative and interactive space for civil society organizations and public institutions in the fight against corruption.<\/p>\n<p style=\"text-align: left;\">In three separate sessions, the conference addressed:<\/p>\n<ul style=\"text-align: left;\">\n<li>The assessment of the vetting process and the criminal prosecution of judges and prosecutors who have been dismissed or have resigned;<\/li>\n<li>Lessons learned from the justice reform and its impact on good governance institutions;<\/li>\n<li>Achievements and challenges in the fight against corruption through monitoring and networking.<\/li>\n<\/ul>\n<p style=\"text-align: left;\">In conclusion, participants reaffirmed their commitment to strengthen cooperation between civil society and state institutions, aiming to enhance the quality of justice and to build a shared culture of integrity and accountability.<\/p>\n<p style=\"text-align: left;\">The conference served not only as a platform for debate but also as a concrete moment of commitment to transform the fight against corruption into a shared social norm.<\/p>\n<p>[\/et_pb_text][\/et_pb_column][\/et_pb_row][et_pb_row column_structure=&#8221;1_2,1_2&#8243; _builder_version=&#8221;4.24.0&#8243; _module_preset=&#8221;default&#8221; custom_margin=&#8221;98px|auto||424px||&#8221; locked=&#8221;off&#8221; global_colors_info=&#8221;{}&#8221; disabled_on=&#8221;on|off|off&#8221;][et_pb_column type=&#8221;1_2&#8243; _builder_version=&#8221;4.24.0&#8243; _module_preset=&#8221;default&#8221; global_colors_info=&#8221;{}&#8221;][dipi_tilt_image image=&#8221;https:\/\/rrjetiantikorrupsion.al\/wp-content\/uploads\/2025\/05\/eventi4.jpg&#8221; titl_image_box_height=&#8221;346px&#8221; tilt_overlay_color=&#8221;RGBA(255,255,255,0)&#8221; _builder_version=&#8221;4.24.0&#8243; _module_preset=&#8221;default&#8221; animation_style=&#8221;fade&#8221; scroll_fade_enable=&#8221;on&#8221; scroll_fade=&#8221;0|23|23|100|0|100|100&#8243; border_radii=&#8221;on|15px|15px|15px|15px&#8221; border_width_bottom=&#8221;9px&#8221; border_color_bottom=&#8221;#062782&#8243; global_colors_info=&#8221;{}&#8221;][\/dipi_tilt_image][dipi_tilt_image image=&#8221;https:\/\/rrjetiantikorrupsion.al\/wp-content\/uploads\/2025\/05\/eventi4-6.jpg&#8221; titl_image_box_height=&#8221;346px&#8221; tilt_overlay_color=&#8221;RGBA(255,255,255,0)&#8221; _builder_version=&#8221;4.24.0&#8243; _module_preset=&#8221;default&#8221; custom_margin=&#8221;110px|14px||47px||&#8221; animation_style=&#8221;fade&#8221; scroll_fade_enable=&#8221;on&#8221; scroll_fade=&#8221;0|26|26|100|0|100|100&#8243; border_radii=&#8221;on|15px|15px|15px|15px&#8221; border_width_bottom=&#8221;9px&#8221; border_color_bottom=&#8221;#062782&#8243; global_colors_info=&#8221;{}&#8221;][\/dipi_tilt_image][dipi_tilt_image image=&#8221;https:\/\/rrjetiantikorrupsion.al\/wp-content\/uploads\/2025\/05\/eventi4-3.jpg&#8221; titl_image_box_height=&#8221;346px&#8221; tilt_overlay_color=&#8221;RGBA(255,255,255,0)&#8221; _builder_version=&#8221;4.24.0&#8243; _module_preset=&#8221;default&#8221; custom_margin=&#8221;-97px|244px||-44px||&#8221; animation_style=&#8221;fade&#8221; scroll_fade_enable=&#8221;on&#8221; scroll_fade=&#8221;0|24|24|100|0|100|100&#8243; border_radii=&#8221;on|15px|15px|15px|15px&#8221; border_width_bottom=&#8221;9px&#8221; border_color_bottom=&#8221;#062782&#8243; global_colors_info=&#8221;{}&#8221;][\/dipi_tilt_image][\/et_pb_column][et_pb_column type=&#8221;1_2&#8243; _builder_version=&#8221;4.24.0&#8243; _module_preset=&#8221;default&#8221; global_colors_info=&#8221;{}&#8221;][dipi_tilt_image image=&#8221;https:\/\/rrjetiantikorrupsion.al\/wp-content\/uploads\/2025\/05\/eventi4-2.jpg&#8221; titl_image_box_height=&#8221;396px&#8221; _builder_version=&#8221;4.24.0&#8243; _module_preset=&#8221;default&#8221; custom_margin=&#8221;142px|128px||-142px||&#8221; animation_style=&#8221;fade&#8221; scroll_fade_enable=&#8221;on&#8221; scroll_fade=&#8221;0|24|24|100|0|100|100&#8243; border_radii=&#8221;on|15px|15px|15px|15px&#8221; border_width_bottom=&#8221;9px&#8221; border_color_bottom=&#8221;#062782&#8243; locked=&#8221;off&#8221; global_colors_info=&#8221;{}&#8221;][\/dipi_tilt_image][dipi_tilt_image image=&#8221;https:\/\/rrjetiantikorrupsion.al\/wp-content\/uploads\/2025\/05\/eventi4-1.jpg&#8221; titl_image_box_height=&#8221;396px&#8221; _builder_version=&#8221;4.24.0&#8243; _module_preset=&#8221;default&#8221; custom_margin=&#8221;142px|128px||-142px||&#8221; animation_style=&#8221;fade&#8221; scroll_fade_enable=&#8221;on&#8221; scroll_fade=&#8221;0|26|26|100|0|100|100&#8243; border_radii=&#8221;on|15px|15px|15px|15px&#8221; border_width_bottom=&#8221;9px&#8221; border_color_bottom=&#8221;#062782&#8243; locked=&#8221;off&#8221; global_colors_info=&#8221;{}&#8221;][\/dipi_tilt_image][\/et_pb_column][\/et_pb_row][et_pb_row column_structure=&#8221;1_2,1_2&#8243; _builder_version=&#8221;4.24.0&#8243; _module_preset=&#8221;default&#8221; custom_margin=&#8221;98px|auto||35px||&#8221; locked=&#8221;off&#8221; global_colors_info=&#8221;{}&#8221; disabled_on=&#8221;off|on|on&#8221;][et_pb_column type=&#8221;1_2&#8243; _builder_version=&#8221;4.24.0&#8243; _module_preset=&#8221;default&#8221; global_colors_info=&#8221;{}&#8221;][dipi_tilt_image image=&#8221;https:\/\/rrjetiantikorrupsion.al\/wp-content\/uploads\/2025\/05\/eventi4.jpg&#8221; titl_image_box_height=&#8221;346px&#8221; tilt_overlay_color=&#8221;RGBA(255,255,255,0)&#8221; _builder_version=&#8221;4.24.0&#8243; _module_preset=&#8221;default&#8221; animation_style=&#8221;fade&#8221; scroll_fade_enable=&#8221;on&#8221; scroll_fade=&#8221;0|23|23|100|0|100|100&#8243; border_radii=&#8221;on|15px|15px|15px|15px&#8221; border_width_bottom=&#8221;9px&#8221; border_color_bottom=&#8221;#062782&#8243; global_colors_info=&#8221;{}&#8221; disabled_on=&#8221;off|on|on&#8221;][\/dipi_tilt_image][dipi_tilt_image image=&#8221;https:\/\/rrjetiantikorrupsion.al\/wp-content\/uploads\/2025\/05\/eventi4-6.jpg&#8221; titl_image_box_height=&#8221;346px&#8221; tilt_overlay_color=&#8221;RGBA(255,255,255,0)&#8221; _builder_version=&#8221;4.24.0&#8243; _module_preset=&#8221;default&#8221; custom_margin=&#8221;-4px|14px||47px||&#8221; animation_style=&#8221;fade&#8221; scroll_fade_enable=&#8221;on&#8221; scroll_fade=&#8221;0|26|26|100|0|100|100&#8243; border_radii=&#8221;on|15px|15px|15px|15px&#8221; border_width_bottom=&#8221;9px&#8221; border_color_bottom=&#8221;#062782&#8243; global_colors_info=&#8221;{}&#8221;][\/dipi_tilt_image][dipi_tilt_image image=&#8221;https:\/\/rrjetiantikorrupsion.al\/wp-content\/uploads\/2025\/05\/eventi4-3.jpg&#8221; titl_image_box_height=&#8221;346px&#8221; tilt_overlay_color=&#8221;RGBA(255,255,255,0)&#8221; _builder_version=&#8221;4.24.0&#8243; _module_preset=&#8221;default&#8221; custom_margin=&#8221;-99px|34px||8px|false|false&#8221; animation_style=&#8221;fade&#8221; scroll_fade_enable=&#8221;on&#8221; scroll_fade=&#8221;0|24|24|100|0|100|100&#8243; hover_enabled=&#8221;0&#8243; border_radii=&#8221;on|15px|15px|15px|15px&#8221; border_width_bottom=&#8221;9px&#8221; border_color_bottom=&#8221;#062782&#8243; global_colors_info=&#8221;{}&#8221; sticky_enabled=&#8221;0&#8243;][\/dipi_tilt_image][\/et_pb_column][et_pb_column type=&#8221;1_2&#8243; _builder_version=&#8221;4.24.0&#8243; _module_preset=&#8221;default&#8221; global_colors_info=&#8221;{}&#8221;][dipi_tilt_image image=&#8221;https:\/\/rrjetiantikorrupsion.al\/wp-content\/uploads\/2025\/05\/eventi4-2.jpg&#8221; titl_image_box_height=&#8221;396px&#8221; _builder_version=&#8221;4.24.0&#8243; _module_preset=&#8221;default&#8221; custom_margin=&#8221;-63px|-6px||-8px|false|false&#8221; animation_style=&#8221;fade&#8221; scroll_fade_enable=&#8221;on&#8221; scroll_fade=&#8221;0|24|24|100|0|100|100&#8243; hover_enabled=&#8221;0&#8243; border_radii=&#8221;on|15px|15px|15px|15px&#8221; border_width_bottom=&#8221;9px&#8221; border_color_bottom=&#8221;#062782&#8243; locked=&#8221;off&#8221; global_colors_info=&#8221;{}&#8221; sticky_enabled=&#8221;0&#8243;][\/dipi_tilt_image][dipi_tilt_image image=&#8221;https:\/\/rrjetiantikorrupsion.al\/wp-content\/uploads\/2025\/05\/eventi4-1.jpg&#8221; titl_image_box_height=&#8221;396px&#8221; _builder_version=&#8221;4.24.0&#8243; _module_preset=&#8221;default&#8221; custom_margin=&#8221;0px|0px||0px|false|false&#8221; animation_style=&#8221;fade&#8221; scroll_fade_enable=&#8221;on&#8221; scroll_fade=&#8221;0|26|26|100|0|100|100&#8243; hover_enabled=&#8221;0&#8243; border_radii=&#8221;on|15px|15px|15px|15px&#8221; border_width_bottom=&#8221;9px&#8221; border_color_bottom=&#8221;#062782&#8243; locked=&#8221;off&#8221; global_colors_info=&#8221;{}&#8221; sticky_enabled=&#8221;0&#8243;][\/dipi_tilt_image][\/et_pb_column][\/et_pb_row][\/et_pb_section]<\/p>","protected":false},"excerpt":{"rendered":"<p>\u201cVeprimet e Shoq\u00ebris\u00eb Civile p\u00ebr Drejt\u00ebsi t\u00eb P\u00ebrbashk\u00ebt dhe Luft\u00eb kund\u00ebr Korrupsionit\u201d Tiran\u00eb, 25 N\u00ebntor 2024N\u00eb dat\u00ebn 25 n\u00ebntor 2024 u zhvillua n\u00eb Tiran\u00eb konferenca \u201cCivil Society Actions for Shared Justice and Fight Against Corruption\u201d, nj\u00eb ngjarje e r\u00ebnd\u00ebsishme n\u00eb kuad\u00ebr t\u00eb projektit t\u00eb financuar nga BE-ja \u201cShoq\u00ebria civile kund\u00ebr korrupsionit: nga sfida lokale n\u00eb [&hellip;]<\/p>","protected":false},"author":1,"featured_media":0,"parent":0,"menu_order":0,"comment_status":"closed","ping_status":"closed","template":"","meta":{"_et_pb_use_builder":"on","_et_pb_old_content":"<!-- wp:divi\/placeholder \/-->","_et_gb_content_width":"","footnotes":""},"dipi_cpt_category":[],"class_list":["post-1083","page","type-page","status-publish","hentry"],"_links":{"self":[{"href":"https:\/\/rrjetiantikorrupsion.al\/en\/wp-json\/wp\/v2\/pages\/1083","targetHints":{"allow":["GET"]}}],"collection":[{"href":"https:\/\/rrjetiantikorrupsion.al\/en\/wp-json\/wp\/v2\/pages"}],"about":[{"href":"https:\/\/rrjetiantikorrupsion.al\/en\/wp-json\/wp\/v2\/types\/page"}],"author":[{"embeddable":true,"href":"https:\/\/rrjetiantikorrupsion.al\/en\/wp-json\/wp\/v2\/users\/1"}],"replies":[{"embeddable":true,"href":"https:\/\/rrjetiantikorrupsion.al\/en\/wp-json\/wp\/v2\/comments?post=1083"}],"version-history":[{"count":10,"href":"https:\/\/rrjetiantikorrupsion.al\/en\/wp-json\/wp\/v2\/pages\/1083\/revisions"}],"predecessor-version":[{"id":1695,"href":"https:\/\/rrjetiantikorrupsion.al\/en\/wp-json\/wp\/v2\/pages\/1083\/revisions\/1695"}],"wp:attachment":[{"href":"https:\/\/rrjetiantikorrupsion.al\/en\/wp-json\/wp\/v2\/media?parent=1083"}],"wp:term":[{"taxonomy":"dipi_cpt_category","embeddable":true,"href":"https:\/\/rrjetiantikorrupsion.al\/en\/wp-json\/wp\/v2\/dipi_cpt_category?post=1083"}],"curies":[{"name":"wp","href":"https:\/\/api.w.org\/{rel}","templated":true}]}}