{"id":1079,"date":"2025-05-20T12:06:47","date_gmt":"2025-05-20T12:06:47","guid":{"rendered":"https:\/\/rrjetiantikorrupsion.al\/?page_id=1079"},"modified":"2025-06-12T14:53:21","modified_gmt":"2025-06-12T14:53:21","slug":"forumi-i-shoqerise-civile-hapi-i-pare-drejt-rrjetit-kombetar-kunder-korrupsionit","status":"publish","type":"page","link":"https:\/\/rrjetiantikorrupsion.al\/en\/forumi-i-shoqerise-civile-hapi-i-pare-drejt-rrjetit-kombetar-kunder-korrupsionit\/","title":{"rendered":"Civil Society Forum: The First Step Towards the National Anti-Corruption Network"},"content":{"rendered":"<p>[et_pb_section fb_built=&#8221;1&#8243; disabled_on=&#8221;off|off|off&#8221; _builder_version=&#8221;4.24.0&#8243; _module_preset=&#8221;default&#8221; background_color=&#8221;#003399&#8243; background_image=&#8221;https:\/\/rrjetiantikorrupsion.al\/wp-content\/uploads\/2025\/05\/eventi2-1.jpg&#8221; background_position=&#8221;bottom_left&#8221; background_vertical_offset=&#8221;31%&#8221; background_blend=&#8221;multiply&#8221; custom_padding=&#8221;85px||164px||false|false&#8221; custom_css_main_element=&#8221;position: relative;||z-index: 1;||&#8221; locked=&#8221;off&#8221; global_colors_info=&#8221;{}&#8221;][et_pb_row _builder_version=&#8221;4.24.0&#8243; _module_preset=&#8221;default&#8221; custom_margin=&#8221;-1px|auto|36px|auto||&#8221; custom_padding=&#8221;||17px|||&#8221; scroll_horizontal_motion=&#8221;0|38|38|100|-18.5|0|0&#8243; locked=&#8221;off&#8221; global_colors_info=&#8221;{}&#8221;][et_pb_column type=&#8221;4_4&#8243; _builder_version=&#8221;4.24.0&#8243; _module_preset=&#8221;default&#8221; global_colors_info=&#8221;{}&#8221;][et_pb_text _builder_version=&#8221;4.24.0&#8243; _module_preset=&#8221;default&#8221; text_text_color=&#8221;#242424&#8243; header_text_align=&#8221;center&#8221; header_text_color=&#8221;#FFFFFF&#8221; header_font_size=&#8221;46px&#8221; custom_margin=&#8221;59px|-34px||-5px||&#8221; header_font_size_tablet=&#8221;40px&#8221; header_font_size_phone=&#8221;28px&#8221; header_font_size_last_edited=&#8221;on|phone&#8221; locked=&#8221;off&#8221; global_colors_info=&#8221;{}&#8221;]<\/p>\n<h1 style=\"text-align: left;\"><strong>Civil Society Forum: The First Step Towards the National Anti-Corruption Network<\/strong><\/h1>\n<h3 style=\"text-align: left;\"><span style=\"color: #ffffff;\"><em>September 2023, Tirana<\/em><\/span><\/h3>\n<p>[\/et_pb_text][\/et_pb_column][\/et_pb_row][\/et_pb_section][et_pb_section fb_built=&#8221;1&#8243; _builder_version=&#8221;4.24.0&#8243; _module_preset=&#8221;default&#8221; background_color=&#8221;#FFFFFF&#8221; custom_margin=&#8221;0px||-190px||false|false&#8221; custom_padding=&#8221;98px||0px||false|false&#8221; scroll_vertical_motion_enable=&#8221;on&#8221; scroll_vertical_motion=&#8221;0|54|54|100|4|0|-4&#8243; motion_trigger_start=&#8221;top&#8221; custom_css_main_element=&#8221;position: relative;||z-index: 10;||background: white;||overflow: hidden;||&#8221; border_radii=&#8221;off|50px|50px||&#8221; global_colors_info=&#8221;{}&#8221;][et_pb_row _builder_version=&#8221;4.24.0&#8243; _module_preset=&#8221;default&#8221; global_colors_info=&#8221;{}&#8221;][et_pb_column type=&#8221;4_4&#8243; _builder_version=&#8221;4.24.0&#8243; _module_preset=&#8221;default&#8221; global_colors_info=&#8221;{}&#8221;][et_pb_text _builder_version=&#8221;4.24.0&#8243; _module_preset=&#8221;default&#8221; text_font_size=&#8221;19px&#8221; text_orientation=&#8221;center&#8221; custom_margin=&#8221;16px|-15px||-5px||&#8221; global_colors_info=&#8221;{}&#8221;]<\/p>\n<p style=\"text-align: left;\">In September 2023, the first consultative forum with civil society organizations was held in Tirana as part of the project \u201cCivil Society Against Corruption \u2013 From a Domestic Challenge to a European Response,\u201d an initiative financially supported by the European Union and implemented by the Albanian Helsinki Committee, in partnership with the ALTRI Center and Friends of Europe.<\/p>\n<p style=\"text-align: left;\">The main goal of this forum was to present one of the project\u2019s most important components: the establishment of the National Anti-Corruption Network. The Network aims to strengthen the role of civil society organizations in policymaking and decision-making processes by promoting more structured and effective cooperation with state institutions in the fight against corruption.<\/p>\n<p style=\"text-align: left;\">Through this network, the goal is to increase awareness, exchange good practices, and encourage more active involvement of CSOs in monitoring, advocacy, and response to corruption phenomena across various areas of public life.<\/p>\n<p style=\"text-align: left;\" class=\"translation-block\">During the forum, participants were also informed about the application process to join the Network through an expression of interest form published on the official website of the ALTRI Center.\nThis initiative represents a concrete step toward building a united civic front for strengthening transparency, accountability, and integrity in Albania.<\/p>\n<p>[\/et_pb_text][\/et_pb_column][\/et_pb_row][et_pb_row column_structure=&#8221;1_2,1_2&#8243; _builder_version=&#8221;4.24.0&#8243; _module_preset=&#8221;default&#8221; custom_margin=&#8221;98px|auto||424px||&#8221; locked=&#8221;off&#8221; global_colors_info=&#8221;{}&#8221; disabled_on=&#8221;on|off|off&#8221;][et_pb_column type=&#8221;1_2&#8243; _builder_version=&#8221;4.24.0&#8243; _module_preset=&#8221;default&#8221; global_colors_info=&#8221;{}&#8221;][dipi_tilt_image image=&#8221;https:\/\/rrjetiantikorrupsion.al\/wp-content\/uploads\/2025\/05\/eventi2-1.jpg&#8221; titl_image_box_height=&#8221;346px&#8221; tilt_overlay_color=&#8221;RGBA(255,255,255,0)&#8221; _builder_version=&#8221;4.24.0&#8243; _module_preset=&#8221;default&#8221; animation_style=&#8221;fade&#8221; scroll_fade_enable=&#8221;on&#8221; scroll_fade=&#8221;0|20|20|100|0|100|100&#8243; border_radii=&#8221;on|15px|15px|15px|15px&#8221; border_width_bottom=&#8221;9px&#8221; border_color_bottom=&#8221;#062782&#8243; global_colors_info=&#8221;{}&#8221;][\/dipi_tilt_image][dipi_tilt_image image=&#8221;https:\/\/rrjetiantikorrupsion.al\/wp-content\/uploads\/2025\/05\/eventi2-4.jpg&#8221; titl_image_box_height=&#8221;346px&#8221; tilt_overlay_color=&#8221;RGBA(255,255,255,0)&#8221; _builder_version=&#8221;4.24.0&#8243; _module_preset=&#8221;default&#8221; custom_margin=&#8221;110px|14px||47px||&#8221; animation_style=&#8221;fade&#8221; scroll_fade_enable=&#8221;on&#8221; scroll_fade=&#8221;0|25|25|100|0|100|100&#8243; border_radii=&#8221;on|15px|15px|15px|15px&#8221; border_width_bottom=&#8221;9px&#8221; border_color_bottom=&#8221;#062782&#8243; global_colors_info=&#8221;{}&#8221;][\/dipi_tilt_image][dipi_tilt_image image=&#8221;https:\/\/rrjetiantikorrupsion.al\/wp-content\/uploads\/2025\/05\/eventi2-2.jpg&#8221; titl_image_box_height=&#8221;346px&#8221; tilt_overlay_color=&#8221;RGBA(255,255,255,0)&#8221; _builder_version=&#8221;4.24.0&#8243; _module_preset=&#8221;default&#8221; custom_margin=&#8221;-51px|244px||-44px||&#8221; animation_style=&#8221;fade&#8221; scroll_fade_enable=&#8221;on&#8221; scroll_fade=&#8221;0|25|25|100|0|100|100&#8243; border_radii=&#8221;on|15px|15px|15px|15px&#8221; border_width_bottom=&#8221;9px&#8221; border_color_bottom=&#8221;#062782&#8243; global_colors_info=&#8221;{}&#8221;][\/dipi_tilt_image][\/et_pb_column][et_pb_column type=&#8221;1_2&#8243; _builder_version=&#8221;4.24.0&#8243; _module_preset=&#8221;default&#8221; global_colors_info=&#8221;{}&#8221;][dipi_tilt_image image=&#8221;https:\/\/rrjetiantikorrupsion.al\/wp-content\/uploads\/2025\/05\/eventi2.jpg&#8221; titl_image_box_height=&#8221;396px&#8221; _builder_version=&#8221;4.24.0&#8243; _module_preset=&#8221;default&#8221; custom_margin=&#8221;142px|128px||-142px||&#8221; animation_style=&#8221;fade&#8221; scroll_fade_enable=&#8221;on&#8221; scroll_fade=&#8221;0|24|24|100|0|100|100&#8243; hover_enabled=&#8221;0&#8243; border_radii=&#8221;on|15px|15px|15px|15px&#8221; border_width_bottom=&#8221;9px&#8221; border_color_bottom=&#8221;#062782&#8243; locked=&#8221;off&#8221; global_colors_info=&#8221;{}&#8221; sticky_enabled=&#8221;0&#8243;][\/dipi_tilt_image][dipi_tilt_image image=&#8221;https:\/\/rrjetiantikorrupsion.al\/wp-content\/uploads\/2025\/05\/eventi2-3.jpg&#8221; titl_image_box_height=&#8221;396px&#8221; _builder_version=&#8221;4.24.0&#8243; _module_preset=&#8221;default&#8221; custom_margin=&#8221;142px|128px||-142px||&#8221; animation_style=&#8221;fade&#8221; scroll_fade_enable=&#8221;on&#8221; scroll_fade=&#8221;0|26|26|100|0|100|100&#8243; border_radii=&#8221;on|15px|15px|15px|15px&#8221; border_width_bottom=&#8221;9px&#8221; border_color_bottom=&#8221;#062782&#8243; locked=&#8221;off&#8221; global_colors_info=&#8221;{}&#8221;][\/dipi_tilt_image][\/et_pb_column][\/et_pb_row][et_pb_row column_structure=&#8221;1_2,1_2&#8243; _builder_version=&#8221;4.24.0&#8243; _module_preset=&#8221;default&#8221; custom_margin=&#8221;98px|auto||41px||&#8221; locked=&#8221;off&#8221; global_colors_info=&#8221;{}&#8221; disabled_on=&#8221;off|on|on&#8221;][et_pb_column type=&#8221;1_2&#8243; _builder_version=&#8221;4.24.0&#8243; _module_preset=&#8221;default&#8221; global_colors_info=&#8221;{}&#8221;][dipi_tilt_image image=&#8221;https:\/\/rrjetiantikorrupsion.al\/wp-content\/uploads\/2025\/05\/eventi2-1.jpg&#8221; titl_image_box_height=&#8221;346px&#8221; tilt_overlay_color=&#8221;RGBA(255,255,255,0)&#8221; _builder_version=&#8221;4.24.0&#8243; _module_preset=&#8221;default&#8221; animation_style=&#8221;fade&#8221; scroll_fade_enable=&#8221;on&#8221; scroll_fade=&#8221;0|20|20|100|0|100|100&#8243; border_radii=&#8221;on|15px|15px|15px|15px&#8221; border_width_bottom=&#8221;9px&#8221; border_color_bottom=&#8221;#062782&#8243; global_colors_info=&#8221;{}&#8221;][\/dipi_tilt_image][dipi_tilt_image image=&#8221;https:\/\/rrjetiantikorrupsion.al\/wp-content\/uploads\/2025\/05\/eventi2-4.jpg&#8221; titl_image_box_height=&#8221;346px&#8221; tilt_overlay_color=&#8221;RGBA(255,255,255,0)&#8221; _builder_version=&#8221;4.24.0&#8243; _module_preset=&#8221;default&#8221; custom_margin=&#8221;-20px|14px||47px||&#8221; animation_style=&#8221;fade&#8221; scroll_fade_enable=&#8221;on&#8221; scroll_fade=&#8221;0|25|25|100|0|100|100&#8243; border_radii=&#8221;on|15px|15px|15px|15px&#8221; border_width_bottom=&#8221;9px&#8221; border_color_bottom=&#8221;#062782&#8243; global_colors_info=&#8221;{}&#8221;][\/dipi_tilt_image][dipi_tilt_image image=&#8221;https:\/\/rrjetiantikorrupsion.al\/wp-content\/uploads\/2025\/05\/eventi2-2.jpg&#8221; titl_image_box_height=&#8221;346px&#8221; tilt_overlay_color=&#8221;RGBA(255,255,255,0)&#8221; _builder_version=&#8221;4.24.0&#8243; _module_preset=&#8221;default&#8221; custom_margin=&#8221;-22px|59px||-11px|false|false&#8221; animation_style=&#8221;fade&#8221; scroll_fade_enable=&#8221;on&#8221; scroll_fade=&#8221;0|25|25|100|0|100|100&#8243; hover_enabled=&#8221;0&#8243; border_radii=&#8221;on|15px|15px|15px|15px&#8221; border_width_bottom=&#8221;9px&#8221; border_color_bottom=&#8221;#062782&#8243; global_colors_info=&#8221;{}&#8221; sticky_enabled=&#8221;0&#8243;][\/dipi_tilt_image][\/et_pb_column][et_pb_column type=&#8221;1_2&#8243; _builder_version=&#8221;4.24.0&#8243; _module_preset=&#8221;default&#8221; global_colors_info=&#8221;{}&#8221;][dipi_tilt_image image=&#8221;https:\/\/rrjetiantikorrupsion.al\/wp-content\/uploads\/2025\/05\/eventi2.jpg&#8221; titl_image_box_height=&#8221;396px&#8221; _builder_version=&#8221;4.24.0&#8243; _module_preset=&#8221;default&#8221; custom_margin=&#8221;-17px|0px||0px|false|false&#8221; animation_style=&#8221;fade&#8221; scroll_fade_enable=&#8221;on&#8221; scroll_fade=&#8221;0|24|24|100|0|100|100&#8243; hover_enabled=&#8221;0&#8243; border_radii=&#8221;on|15px|15px|15px|15px&#8221; border_width_bottom=&#8221;9px&#8221; border_color_bottom=&#8221;#062782&#8243; locked=&#8221;off&#8221; global_colors_info=&#8221;{}&#8221; sticky_enabled=&#8221;0&#8243;][\/dipi_tilt_image][dipi_tilt_image image=&#8221;https:\/\/rrjetiantikorrupsion.al\/wp-content\/uploads\/2025\/05\/eventi2-3.jpg&#8221; titl_image_box_height=&#8221;396px&#8221; _builder_version=&#8221;4.24.0&#8243; _module_preset=&#8221;default&#8221; custom_margin=&#8221;-13px|0px||0px|false|false&#8221; animation_style=&#8221;fade&#8221; scroll_fade_enable=&#8221;on&#8221; scroll_fade=&#8221;0|26|26|100|0|100|100&#8243; hover_enabled=&#8221;0&#8243; border_radii=&#8221;on|15px|15px|15px|15px&#8221; border_width_bottom=&#8221;9px&#8221; border_color_bottom=&#8221;#062782&#8243; locked=&#8221;off&#8221; global_colors_info=&#8221;{}&#8221; sticky_enabled=&#8221;0&#8243;][\/dipi_tilt_image][\/et_pb_column][\/et_pb_row][\/et_pb_section]<\/p>","protected":false},"excerpt":{"rendered":"<p>Forumi i Shoq\u00ebris\u00eb Civile: Hapi i Par\u00eb drejt Rrjetit Komb\u00ebtar Kund\u00ebr Korrupsionit Shtator 2023, Tiran\u00ebN\u00eb muajin shtator 2023, n\u00eb Tiran\u00eb u zhvillua forumi i par\u00eb konsultativ me organizatat e shoq\u00ebris\u00eb civile n\u00eb kuad\u00ebr t\u00eb projektit \u201cShoq\u00ebria civile kund\u00ebr korrupsionit \u2013 nga nj\u00eb sfid\u00eb vendase n\u00eb nj\u00eb p\u00ebrgjigje evropiane\u201d, nj\u00eb iniciativ\u00eb e mb\u00ebshtetur financiarisht nga Bashkimi [&hellip;]<\/p>","protected":false},"author":1,"featured_media":0,"parent":0,"menu_order":0,"comment_status":"closed","ping_status":"closed","template":"","meta":{"_et_pb_use_builder":"on","_et_pb_old_content":"<!-- wp:divi\/placeholder \/-->","_et_gb_content_width":"","footnotes":""},"dipi_cpt_category":[],"class_list":["post-1079","page","type-page","status-publish","hentry"],"_links":{"self":[{"href":"https:\/\/rrjetiantikorrupsion.al\/en\/wp-json\/wp\/v2\/pages\/1079","targetHints":{"allow":["GET"]}}],"collection":[{"href":"https:\/\/rrjetiantikorrupsion.al\/en\/wp-json\/wp\/v2\/pages"}],"about":[{"href":"https:\/\/rrjetiantikorrupsion.al\/en\/wp-json\/wp\/v2\/types\/page"}],"author":[{"embeddable":true,"href":"https:\/\/rrjetiantikorrupsion.al\/en\/wp-json\/wp\/v2\/users\/1"}],"replies":[{"embeddable":true,"href":"https:\/\/rrjetiantikorrupsion.al\/en\/wp-json\/wp\/v2\/comments?post=1079"}],"version-history":[{"count":9,"href":"https:\/\/rrjetiantikorrupsion.al\/en\/wp-json\/wp\/v2\/pages\/1079\/revisions"}],"predecessor-version":[{"id":1701,"href":"https:\/\/rrjetiantikorrupsion.al\/en\/wp-json\/wp\/v2\/pages\/1079\/revisions\/1701"}],"wp:attachment":[{"href":"https:\/\/rrjetiantikorrupsion.al\/en\/wp-json\/wp\/v2\/media?parent=1079"}],"wp:term":[{"taxonomy":"dipi_cpt_category","embeddable":true,"href":"https:\/\/rrjetiantikorrupsion.al\/en\/wp-json\/wp\/v2\/dipi_cpt_category?post=1079"}],"curies":[{"name":"wp","href":"https:\/\/api.w.org\/{rel}","templated":true}]}}