{"id":1077,"date":"2025-05-20T12:06:17","date_gmt":"2025-05-20T12:06:17","guid":{"rendered":"https:\/\/rrjetiantikorrupsion.al\/?page_id=1077"},"modified":"2025-06-12T14:37:54","modified_gmt":"2025-06-12T14:37:54","slug":"eventi-lan%d2%abues-i-projektit-shoqeria-civile-kunder-korrupsionit-nga-nje-sfide-vendase-ne-nje-pergjigje-evropiane","status":"publish","type":"page","link":"https:\/\/rrjetiantikorrupsion.al\/en\/eventi-lan%d2%abues-i-projektit-shoqeria-civile-kunder-korrupsionit-nga-nje-sfide-vendase-ne-nje-pergjigje-evropiane\/","title":{"rendered":"Launch Event of the Project \u201cCivil Society Against Corruption \u2013 From a Local Challenge to a European Response\u201d"},"content":{"rendered":"<p>[et_pb_section fb_built=&#8221;1&#8243; disabled_on=&#8221;off|off|off&#8221; _builder_version=&#8221;4.24.0&#8243; _module_preset=&#8221;default&#8221; background_color=&#8221;#003399&#8243; background_image=&#8221;https:\/\/rrjetiantikorrupsion.al\/wp-content\/uploads\/2025\/05\/eventi1-6.jpg&#8221; background_position=&#8221;top_center&#8221; background_vertical_offset=&#8221;43%&#8221; background_blend=&#8221;multiply&#8221; custom_padding=&#8221;85px||164px||false|false&#8221; custom_css_main_element=&#8221;position: relative;||z-index: 1;||&#8221; locked=&#8221;off&#8221; global_colors_info=&#8221;{}&#8221;][et_pb_row _builder_version=&#8221;4.24.0&#8243; _module_preset=&#8221;default&#8221; custom_margin=&#8221;-1px|auto|36px|auto||&#8221; custom_padding=&#8221;||17px|||&#8221; scroll_horizontal_motion=&#8221;0|38|38|100|-18.5|0|0&#8243; locked=&#8221;off&#8221; global_colors_info=&#8221;{}&#8221;][et_pb_column type=&#8221;4_4&#8243; _builder_version=&#8221;4.24.0&#8243; _module_preset=&#8221;default&#8221; global_colors_info=&#8221;{}&#8221;][et_pb_text _builder_version=&#8221;4.24.0&#8243; _module_preset=&#8221;default&#8221; text_text_color=&#8221;#242424&#8243; header_text_align=&#8221;center&#8221; header_text_color=&#8221;#FFFFFF&#8221; header_font_size=&#8221;46px&#8221; custom_margin=&#8221;59px|-34px||-5px||&#8221; header_font_size_tablet=&#8221;40px&#8221; header_font_size_phone=&#8221;28px&#8221; header_font_size_last_edited=&#8221;on|phone&#8221; locked=&#8221;off&#8221; global_colors_info=&#8221;{}&#8221;]<\/p>\n<h1 style=\"text-align: left;\"><span style=\"color: #ffffff;\"><strong>Launch Event of the Project \u201cCivil Society Against Corruption \u2013 From a Local Challenge to a European Response\u201d<\/strong><\/span><\/h1>\n<p>[\/et_pb_text][\/et_pb_column][\/et_pb_row][\/et_pb_section][et_pb_section fb_built=&#8221;1&#8243; _builder_version=&#8221;4.24.0&#8243; _module_preset=&#8221;default&#8221; background_color=&#8221;#FFFFFF&#8221; custom_margin=&#8221;0px||-190px||false|false&#8221; custom_padding=&#8221;98px||0px||false|false&#8221; scroll_vertical_motion_enable=&#8221;on&#8221; scroll_vertical_motion=&#8221;0|54|54|100|4|0|-4&#8243; motion_trigger_start=&#8221;top&#8221; custom_css_main_element=&#8221;position: relative;||z-index: 10;||background: white;||overflow: hidden;||&#8221; border_radii=&#8221;off|50px|50px||&#8221; global_colors_info=&#8221;{}&#8221;][et_pb_row _builder_version=&#8221;4.24.0&#8243; _module_preset=&#8221;default&#8221; global_colors_info=&#8221;{}&#8221;][et_pb_column type=&#8221;4_4&#8243; _builder_version=&#8221;4.24.0&#8243; _module_preset=&#8221;default&#8221; global_colors_info=&#8221;{}&#8221;][et_pb_text _builder_version=&#8221;4.24.0&#8243; _module_preset=&#8221;default&#8221; text_font_size=&#8221;19px&#8221; text_orientation=&#8221;center&#8221; custom_margin=&#8221;16px|-15px||-5px||&#8221; global_colors_info=&#8221;{}&#8221;]<\/p>\n<p style=\"text-align: left;\">On May 29, 2023, at the Europe House in Tirana, the launch event was held for the three-year project **\u201cCivil Society Against Corruption \u2013 From a Local Challenge to a European Response,\u201d** financially supported by the European Union and implemented by the Albanian Helsinki Committee in partnership with the ALTRI Center and Friends of Europe.<\/p>\n<p style=\"text-align: left;\">The event brought together representatives of key justice and anti-corruption institutions in the country, as well as civil society actors. In their welcome remarks, Ms. Erida Sk\u00ebndaj (Albanian Helsinki Committee), Mr. Hubert Perr (EU Delegation), Ms. Eda No\u00e7ka (ALTRI Center), and Mr. Dharmendra Kanani (Friends of Europe) emphasized the importance of this project in strengthening the role of civil society in the fight against corruption and in promoting a culture of integrity and transparency.<\/p>\n<p style=\"text-align: left;\">Interventions from institutional partners, including representatives from SPAK, the Ministry of Justice, ILDKPKI, KLGJ, and KLP, focused on the ongoing efforts and challenges in building an efficient, independent, and trustworthy justice system. The importance of the active involvement of civil society organizations as partners in monitoring and promoting anti-corruption policies was also emphasized.<\/p>\n<p style=\"text-align: left;\">A key element of the project is the creation of the National Anti-Corruption Network, which aims to build bridges of cooperation between CSOs and public institutions, fostering a comprehensive approach to the fight against corruption at both the national and local levels.<\/p>\n<p>[\/et_pb_text][\/et_pb_column][\/et_pb_row][et_pb_row column_structure=&#8221;1_2,1_2&#8243; _builder_version=&#8221;4.24.0&#8243; _module_preset=&#8221;default&#8221; custom_margin=&#8221;98px|auto||424px||&#8221; global_colors_info=&#8221;{}&#8221; disabled_on=&#8221;on|off|off&#8221;][et_pb_column type=&#8221;1_2&#8243; _builder_version=&#8221;4.24.0&#8243; _module_preset=&#8221;default&#8221; global_colors_info=&#8221;{}&#8221;][dipi_tilt_image image=&#8221;https:\/\/rrjetiantikorrupsion.al\/wp-content\/uploads\/2025\/05\/eventi1-11.jpg&#8221; titl_image_box_height=&#8221;346px&#8221; tilt_overlay_color=&#8221;RGBA(255,255,255,0)&#8221; _builder_version=&#8221;4.24.0&#8243; _module_preset=&#8221;default&#8221; animation_style=&#8221;fade&#8221; scroll_fade_enable=&#8221;on&#8221; scroll_fade=&#8221;0|24|24|100|0|100|100&#8243; border_radii=&#8221;on|15px|15px|15px|15px&#8221; border_width_bottom=&#8221;9px&#8221; border_color_bottom=&#8221;#062782&#8243; global_colors_info=&#8221;{}&#8221;][\/dipi_tilt_image][dipi_tilt_image image=&#8221;https:\/\/rrjetiantikorrupsion.al\/wp-content\/uploads\/2025\/05\/eventi1-8.jpg&#8221; titl_image_box_height=&#8221;346px&#8221; tilt_overlay_color=&#8221;RGBA(255,255,255,0)&#8221; _builder_version=&#8221;4.24.0&#8243; _module_preset=&#8221;default&#8221; custom_margin=&#8221;110px|14px||47px||&#8221; animation_style=&#8221;fade&#8221; scroll_fade_enable=&#8221;on&#8221; scroll_fade=&#8221;0|22|22|100|0|100|100&#8243; border_radii=&#8221;on|15px|15px|15px|15px&#8221; border_width_bottom=&#8221;9px&#8221; border_color_bottom=&#8221;#062782&#8243; global_colors_info=&#8221;{}&#8221;][\/dipi_tilt_image][dipi_tilt_image image=&#8221;https:\/\/rrjetiantikorrupsion.al\/wp-content\/uploads\/2025\/05\/eventi1-2.jpg&#8221; titl_image_box_height=&#8221;346px&#8221; tilt_overlay_color=&#8221;RGBA(255,255,255,0)&#8221; _builder_version=&#8221;4.24.0&#8243; _module_preset=&#8221;default&#8221; custom_margin=&#8221;-97px|244px||-44px||&#8221; animation_style=&#8221;fade&#8221; scroll_fade_enable=&#8221;on&#8221; scroll_fade=&#8221;0|24|24|100|0|100|100&#8243; border_radii=&#8221;on|15px|15px|15px|15px&#8221; border_width_bottom=&#8221;9px&#8221; border_color_bottom=&#8221;#062782&#8243; global_colors_info=&#8221;{}&#8221;][\/dipi_tilt_image][\/et_pb_column][et_pb_column type=&#8221;1_2&#8243; _builder_version=&#8221;4.24.0&#8243; _module_preset=&#8221;default&#8221; global_colors_info=&#8221;{}&#8221;][dipi_tilt_image image=&#8221;https:\/\/rrjetiantikorrupsion.al\/wp-content\/uploads\/2025\/05\/eventi1-5.jpg&#8221; titl_image_box_height=&#8221;396px&#8221; _builder_version=&#8221;4.24.0&#8243; _module_preset=&#8221;default&#8221; custom_margin=&#8221;142px|128px||-142px||&#8221; animation_style=&#8221;fade&#8221; scroll_fade_enable=&#8221;on&#8221; scroll_fade=&#8221;0|22|22|100|0|100|100&#8243; border_radii=&#8221;on|15px|15px|15px|15px&#8221; border_width_bottom=&#8221;9px&#8221; border_color_bottom=&#8221;#062782&#8243; locked=&#8221;off&#8221; global_colors_info=&#8221;{}&#8221;][\/dipi_tilt_image][dipi_tilt_image image=&#8221;https:\/\/rrjetiantikorrupsion.al\/wp-content\/uploads\/2025\/05\/eventi1.jpg&#8221; titl_image_box_height=&#8221;396px&#8221; _builder_version=&#8221;4.24.0&#8243; _module_preset=&#8221;default&#8221; custom_margin=&#8221;142px|128px||-142px||&#8221; animation_style=&#8221;fade&#8221; scroll_fade_enable=&#8221;on&#8221; scroll_fade=&#8221;0|22|22|100|0|100|100&#8243; border_radii=&#8221;on|15px|15px|15px|15px&#8221; border_width_bottom=&#8221;9px&#8221; border_color_bottom=&#8221;#062782&#8243; locked=&#8221;off&#8221; global_colors_info=&#8221;{}&#8221;][\/dipi_tilt_image][\/et_pb_column][\/et_pb_row][et_pb_row column_structure=&#8221;1_2,1_2&#8243; _builder_version=&#8221;4.24.0&#8243; _module_preset=&#8221;default&#8221; custom_margin=&#8221;98px|auto||48px||&#8221; global_colors_info=&#8221;{}&#8221; disabled_on=&#8221;off|on|on&#8221;][et_pb_column type=&#8221;1_2&#8243; _builder_version=&#8221;4.24.0&#8243; _module_preset=&#8221;default&#8221; global_colors_info=&#8221;{}&#8221;][dipi_tilt_image image=&#8221;https:\/\/rrjetiantikorrupsion.al\/wp-content\/uploads\/2025\/05\/eventi1-11.jpg&#8221; titl_image_box_height=&#8221;346px&#8221; tilt_overlay_color=&#8221;RGBA(255,255,255,0)&#8221; _builder_version=&#8221;4.24.0&#8243; _module_preset=&#8221;default&#8221; animation_style=&#8221;fade&#8221; scroll_fade_enable=&#8221;on&#8221; scroll_fade=&#8221;0|24|24|100|0|100|100&#8243; hover_enabled=&#8221;0&#8243; border_radii=&#8221;on|15px|15px|15px|15px&#8221; border_width_bottom=&#8221;9px&#8221; border_color_bottom=&#8221;#062782&#8243; global_colors_info=&#8221;{}&#8221; sticky_enabled=&#8221;0&#8243;][\/dipi_tilt_image][dipi_tilt_image image=&#8221;https:\/\/rrjetiantikorrupsion.al\/wp-content\/uploads\/2025\/05\/eventi1-8.jpg&#8221; titl_image_box_height=&#8221;346px&#8221; tilt_overlay_color=&#8221;RGBA(255,255,255,0)&#8221; _builder_version=&#8221;4.24.0&#8243; _module_preset=&#8221;default&#8221; custom_margin=&#8221;-12px|14px||47px||&#8221; animation_style=&#8221;fade&#8221; scroll_fade_enable=&#8221;on&#8221; scroll_fade=&#8221;0|22|22|100|0|100|100&#8243; hover_enabled=&#8221;0&#8243; border_radii=&#8221;on|15px|15px|15px|15px&#8221; border_width_bottom=&#8221;9px&#8221; border_color_bottom=&#8221;#062782&#8243; global_colors_info=&#8221;{}&#8221; sticky_enabled=&#8221;0&#8243;][\/dipi_tilt_image][dipi_tilt_image image=&#8221;https:\/\/rrjetiantikorrupsion.al\/wp-content\/uploads\/2025\/05\/eventi1-2.jpg&#8221; titl_image_box_height=&#8221;346px&#8221; tilt_overlay_color=&#8221;RGBA(255,255,255,0)&#8221; _builder_version=&#8221;4.24.0&#8243; _module_preset=&#8221;default&#8221; custom_margin=&#8221;-11px|55px||-28px|false|false&#8221; animation_style=&#8221;fade&#8221; scroll_fade_enable=&#8221;on&#8221; scroll_fade=&#8221;0|24|24|100|0|100|100&#8243; hover_enabled=&#8221;0&#8243; border_radii=&#8221;on|15px|15px|15px|15px&#8221; border_width_bottom=&#8221;9px&#8221; border_color_bottom=&#8221;#062782&#8243; global_colors_info=&#8221;{}&#8221; sticky_enabled=&#8221;0&#8243;][\/dipi_tilt_image][\/et_pb_column][et_pb_column type=&#8221;1_2&#8243; _builder_version=&#8221;4.24.0&#8243; _module_preset=&#8221;default&#8221; global_colors_info=&#8221;{}&#8221;][dipi_tilt_image image=&#8221;https:\/\/rrjetiantikorrupsion.al\/wp-content\/uploads\/2025\/05\/eventi1-5.jpg&#8221; titl_image_box_height=&#8221;396px&#8221; _builder_version=&#8221;4.24.0&#8243; _module_preset=&#8221;default&#8221; custom_margin=&#8221;-14px|0px||0px|false|false&#8221; animation_style=&#8221;fade&#8221; scroll_fade_enable=&#8221;on&#8221; scroll_fade=&#8221;0|22|22|100|0|100|100&#8243; hover_enabled=&#8221;0&#8243; border_radii=&#8221;on|15px|15px|15px|15px&#8221; border_width_bottom=&#8221;9px&#8221; border_color_bottom=&#8221;#062782&#8243; locked=&#8221;off&#8221; global_colors_info=&#8221;{}&#8221; sticky_enabled=&#8221;0&#8243;][\/dipi_tilt_image][dipi_tilt_image image=&#8221;https:\/\/rrjetiantikorrupsion.al\/wp-content\/uploads\/2025\/05\/eventi1.jpg&#8221; titl_image_box_height=&#8221;396px&#8221; _builder_version=&#8221;4.24.0&#8243; _module_preset=&#8221;default&#8221; custom_margin=&#8221;-9px|0px||0px|false|false&#8221; animation_style=&#8221;fade&#8221; scroll_fade_enable=&#8221;on&#8221; scroll_fade=&#8221;0|22|22|100|0|100|100&#8243; hover_enabled=&#8221;0&#8243; border_radii=&#8221;on|15px|15px|15px|15px&#8221; border_width_bottom=&#8221;9px&#8221; border_color_bottom=&#8221;#062782&#8243; locked=&#8221;off&#8221; global_colors_info=&#8221;{}&#8221; sticky_enabled=&#8221;0&#8243;][\/dipi_tilt_image][\/et_pb_column][\/et_pb_row][\/et_pb_section]<\/p>","protected":false},"excerpt":{"rendered":"<p>Eventi Lan\u04abues i Projektit \u201cShoq\u00ebria Civile kund\u00ebr Korrupsionit \u2013 Nga nj\u00eb Sfide Vendase n\u00eb nj\u00eb P\u00ebrgjigje Evropiane\u201dM\u00eb 29 maj 2023, n\u00eb ambientet e Europe House n\u00eb Tiran\u00eb, u zhvillua eventi lan\u04abues i projektit trevje\u00e7ar \u201cShoq\u00ebria Civile kund\u00ebr Korrupsionit \u2013 Nga nj\u00eb Sfide Vendase n\u00eb nj\u00eb P\u00ebrgjigje Evropiane\u201d, i mb\u00ebshtetur financiarisht nga Bashkimi Evropian dhe i [&hellip;]<\/p>","protected":false},"author":1,"featured_media":0,"parent":0,"menu_order":0,"comment_status":"closed","ping_status":"closed","template":"","meta":{"_et_pb_use_builder":"on","_et_pb_old_content":"<!-- wp:divi\/placeholder \/-->","_et_gb_content_width":"","footnotes":""},"dipi_cpt_category":[],"class_list":["post-1077","page","type-page","status-publish","hentry"],"_links":{"self":[{"href":"https:\/\/rrjetiantikorrupsion.al\/en\/wp-json\/wp\/v2\/pages\/1077","targetHints":{"allow":["GET"]}}],"collection":[{"href":"https:\/\/rrjetiantikorrupsion.al\/en\/wp-json\/wp\/v2\/pages"}],"about":[{"href":"https:\/\/rrjetiantikorrupsion.al\/en\/wp-json\/wp\/v2\/types\/page"}],"author":[{"embeddable":true,"href":"https:\/\/rrjetiantikorrupsion.al\/en\/wp-json\/wp\/v2\/users\/1"}],"replies":[{"embeddable":true,"href":"https:\/\/rrjetiantikorrupsion.al\/en\/wp-json\/wp\/v2\/comments?post=1077"}],"version-history":[{"count":46,"href":"https:\/\/rrjetiantikorrupsion.al\/en\/wp-json\/wp\/v2\/pages\/1077\/revisions"}],"predecessor-version":[{"id":1699,"href":"https:\/\/rrjetiantikorrupsion.al\/en\/wp-json\/wp\/v2\/pages\/1077\/revisions\/1699"}],"wp:attachment":[{"href":"https:\/\/rrjetiantikorrupsion.al\/en\/wp-json\/wp\/v2\/media?parent=1077"}],"wp:term":[{"taxonomy":"dipi_cpt_category","embeddable":true,"href":"https:\/\/rrjetiantikorrupsion.al\/en\/wp-json\/wp\/v2\/dipi_cpt_category?post=1077"}],"curies":[{"name":"wp","href":"https:\/\/api.w.org\/{rel}","templated":true}]}}